{"id":107,"date":"2013-05-16T10:32:56","date_gmt":"2013-05-16T09:32:56","guid":{"rendered":"http:\/\/www.compagniedumidi.fr\/?page_id=107"},"modified":"2014-02-11T14:04:08","modified_gmt":"2014-02-11T13:04:08","slug":"lieux-dinterventions","status":"publish","type":"page","link":"https:\/\/www.compagniedumidi.fr\/?page_id=107","title":{"rendered":"Types d&rsquo;Ateliers et Lieux d&rsquo;Interventions"},"content":{"rendered":"<ul>\n<li>ATELIERS SUR LE THEATRE BRECHTIEN :<\/li>\n<\/ul>\n<p>&#8211; Dannemarie (France). Public : Ados (15-18 ans)<br \/>\n&#8211; UNAM, Mexico (Mexique). Public : Classe de formation de l\u2019acteur<br \/>\n&#8211; Oaxaca (Mexique). Public : troupe professionnelle<\/p>\n<ul>\n<li>ATELIERS SUR LE THEME DE LA FARCE :<\/li>\n<\/ul>\n<p>&#8211; Alliance fran\u00e7aise de La Paz (Mexique). Public : Adultes semi-professionnels<br \/>\n&#8211; UNAM, Mexico (Mexique). Public : Classe de formation de l\u2019acteur<\/p>\n<ul>\n<li>ATELIERS DESTINES AUX ETRANGERS QUI APPRENNENT LE FRANCAIS :<\/li>\n<\/ul>\n<p>&#8211; Ecole Sierra Elvira (Grenade, Espagne). Public : Enfants (6-10 ans)<br \/>\n&#8211; Lyc\u00e9e fran\u00e7ais de Beyrouth (Liban).<br \/>\n&#8211; Lyc\u00e9e fran\u00e7ais d\u2019Istanbul (Turquie).<br \/>\n&#8211; Alliances fran\u00e7aises de Mexico San Angel, Puebla, Queretaro et Merida (Mexique).<br \/>\n&#8211; Universit\u00e9 internationale de Shangha\u00ef (Chine).<\/p>\n<ul>\n<li>ATELIERS DESTINES AUX ETRANGERS PROFESSEURS OU FUTURS PROFESSEURS DE FRANCAIS :<\/li>\n<\/ul>\n<p>&#8211; Universit\u00e9 de Grenade (Espagne).<br \/>\n&#8211; Alliances fran\u00e7aises de Puebla, Queretaro et Merida (Mexique).<\/p>\n<ul>\n<li>\u00a0ATELIERS AUTOUR DE NOS SPECTACLES PROFESSIONNELS :<\/li>\n<\/ul>\n<p>&#8211; Autour du \u00ab Petit songe d\u2019une nuit d\u2019\u00e9t\u00e9 \u00bb de S. Tesson :<br \/>\nEcole Marie Curie (Chelles, France).<br \/>\nTh\u00e9\u00e2tre de l\u2019Ouest Parisien (Boulogne, France).<\/p>\n<p>&#8211; Autour des \u00ab Noces de Rosita \u00bb de F. Garcia Lorca :<br \/>\nEcoles Varlin et Bois-Fleury (Claye-Souilly, France).<br \/>\nCentro Cultural Cuale \u00e0 Puerto Vallarta (Mexique).<\/p>\n<p>&#8211; Autour du \u00ab Petit Violon \u00bb de J-C. Grumberg :<br \/>\n4 \u00e9coles de Saint Joseph, \u00eele de la R\u00e9union.<\/p>\n<p>&#8211; Autour de \u00ab Cabaretto \u00bb de S. Tesson :<br \/>\nEcole Marie Curie (Chelles, France).<\/p>\n<p>&#8211; Autour de \u00ab Courtes \u00bb de J-C. Grumberg :<br \/>\nTh\u00e9\u00e2tre des 3 ponts (Castelnaudary, France).<\/p>\n<p>&nbsp;<\/p>\n<p>&nbsp;<\/p>\n","protected":false},"excerpt":{"rendered":"<p>ATELIERS SUR LE THEATRE BRECHTIEN : &#8211; Dannemarie (France). Public : Ados (15-18 ans) &#8211; UNAM, Mexico (Mexique). Public : Classe de formation de l\u2019acteur &#8211; Oaxaca (Mexique). Public : troupe professionnelle ATELIERS SUR LE THEME DE LA FARCE : &hellip; <a href=\"https:\/\/www.compagniedumidi.fr\/?page_id=107\">Continuer la lecture <span class=\"meta-nav\">&rarr;<\/span><\/a><\/p>\n","protected":false},"author":1,"featured_media":0,"parent":105,"menu_order":1,"comment_status":"closed","ping_status":"closed","template":"","meta":{"footnotes":""},"class_list":["post-107","page","type-page","status-publish","hentry"],"_links":{"self":[{"href":"https:\/\/www.compagniedumidi.fr\/index.php?rest_route=\/wp\/v2\/pages\/107","targetHints":{"allow":["GET"]}}],"collection":[{"href":"https:\/\/www.compagniedumidi.fr\/index.php?rest_route=\/wp\/v2\/pages"}],"about":[{"href":"https:\/\/www.compagniedumidi.fr\/index.php?rest_route=\/wp\/v2\/types\/page"}],"author":[{"embeddable":true,"href":"https:\/\/www.compagniedumidi.fr\/index.php?rest_route=\/wp\/v2\/users\/1"}],"replies":[{"embeddable":true,"href":"https:\/\/www.compagniedumidi.fr\/index.php?rest_route=%2Fwp%2Fv2%2Fcomments&post=107"}],"version-history":[{"count":2,"href":"https:\/\/www.compagniedumidi.fr\/index.php?rest_route=\/wp\/v2\/pages\/107\/revisions"}],"predecessor-version":[{"id":887,"href":"https:\/\/www.compagniedumidi.fr\/index.php?rest_route=\/wp\/v2\/pages\/107\/revisions\/887"}],"up":[{"embeddable":true,"href":"https:\/\/www.compagniedumidi.fr\/index.php?rest_route=\/wp\/v2\/pages\/105"}],"wp:attachment":[{"href":"https:\/\/www.compagniedumidi.fr\/index.php?rest_route=%2Fwp%2Fv2%2Fmedia&parent=107"}],"curies":[{"name":"wp","href":"https:\/\/api.w.org\/{rel}","templated":true}]}}