{"id":139,"date":"2013-05-17T11:17:16","date_gmt":"2013-05-17T10:17:16","guid":{"rendered":"http:\/\/www.compagniedumidi.fr\/?page_id=139"},"modified":"2025-10-02T06:25:25","modified_gmt":"2025-10-02T05:25:25","slug":"accueiltheatretheatre-jeune-publicavignonfestival-davignonoff2013compagnie-du-miditheatre-du-miditheatre-du-midiantoine-chalard","status":"publish","type":"page","link":"https:\/\/www.compagniedumidi.fr\/","title":{"rendered":"Accueil"},"content":{"rendered":"\n<div class=\"wp-block-columns is-layout-flex wp-container-core-columns-is-layout-9d6595d7 wp-block-columns-is-layout-flex\">\n<div class=\"wp-block-column is-layout-flow wp-block-column-is-layout-flow\">\n<h2 class=\"wp-block-heading has-text-align-center\"><strong>Reprise des <a href=\"https:\/\/www.compagniedumidi.fr\/?page_id=103\">cours \u00e0 Chelles<\/a><\/strong> :<\/h2>\n\n\n\n<p><strong>Informations et Inscriptions&nbsp;:<\/strong><\/p>\n\n\n\n<ul class=\"wp-block-list\">\n<li><strong><a href=\"mailto:coursdetheatrechelles@gmail.com\">coursdetheatrechelles@gmail.com<\/a><\/strong><\/li>\n\n\n\n<li><strong>Quentin, 07 70 90 05 93<\/strong><\/li>\n<\/ul>\n<\/div>\n\n\n\n<div class=\"wp-block-column is-layout-flow wp-block-column-is-layout-flow\">\n<figure class=\"wp-block-image size-large\"><a href=\"https:\/\/www.compagniedumidi.fr\/wp-content\/uploads\/2022\/08\/recto-tract22.jpg\"><img loading=\"lazy\" decoding=\"async\" width=\"727\" height=\"1024\" src=\"https:\/\/www.compagniedumidi.fr\/wp-content\/uploads\/2022\/08\/recto-tract22-727x1024.jpg\" alt=\"\" class=\"wp-image-2277\" srcset=\"https:\/\/www.compagniedumidi.fr\/wp-content\/uploads\/2022\/08\/recto-tract22-727x1024.jpg 727w, https:\/\/www.compagniedumidi.fr\/wp-content\/uploads\/2022\/08\/recto-tract22-213x300.jpg 213w, https:\/\/www.compagniedumidi.fr\/wp-content\/uploads\/2022\/08\/recto-tract22-768x1082.jpg 768w, https:\/\/www.compagniedumidi.fr\/wp-content\/uploads\/2022\/08\/recto-tract22-1091x1536.jpg 1091w, https:\/\/www.compagniedumidi.fr\/wp-content\/uploads\/2022\/08\/recto-tract22-1454x2048.jpg 1454w, https:\/\/www.compagniedumidi.fr\/wp-content\/uploads\/2022\/08\/recto-tract22.jpg 1795w\" sizes=\"auto, (max-width: 727px) 100vw, 727px\" \/><\/a><\/figure>\n<\/div>\n<\/div>\n\n\n\n<div class=\"wp-block-columns is-layout-flex wp-container-core-columns-is-layout-9d6595d7 wp-block-columns-is-layout-flex\">\n<div class=\"wp-block-column is-layout-flow wp-block-column-is-layout-flow\"><\/div>\n\n\n\n<div class=\"wp-block-column is-layout-flow wp-block-column-is-layout-flow\"><\/div>\n<\/div>\n\n\n\n<h2 class=\"wp-block-heading has-text-align-center\"><strong>Spectacles en tourn\u00e9e<\/strong><\/h2>\n\n\n\n<div class=\"wp-block-columns has-2-columns is-layout-flex wp-container-core-columns-is-layout-9d6595d7 wp-block-columns-is-layout-flex\">\n<div class=\"wp-block-column is-layout-flow wp-block-column-is-layout-flow\">\n<h2 class=\"wp-block-heading has-text-align-left\"><a href=\"https:\/\/www.compagniedumidi.fr\/?page_id=2153\">Elephant Man<\/a>,<\/h2>\n\n\n\n<figure class=\"wp-block-image size-full\"><a href=\"https:\/\/www.compagniedumidi.fr\/wp-content\/uploads\/2022\/01\/affiche-avignon-21-logos-A8.jpg\"><img decoding=\"async\" src=\"https:\/\/www.compagniedumidi.fr\/wp-content\/uploads\/2022\/01\/affiche-avignon-21-logos-A8.jpg\" alt=\"\" class=\"wp-image-2271\" width=\"NaN\" height=\"NaN\"\/><\/a><\/figure>\n\n\n\n<h2 class=\"wp-block-heading has-text-align-left\"> <a href=\"https:\/\/www.compagniedumidi.fr\/?page_id=2153\">version Jeune Public<\/a><\/h2>\n\n\n\n<h2 class=\"wp-block-heading has-text-align-center\"><\/h2>\n\n\n\n<p><\/p>\n<\/div>\n\n\n\n<div class=\"wp-block-column is-layout-flow wp-block-column-is-layout-flow\">\n<h2 class=\"wp-block-heading has-text-align-left\"><a href=\"https:\/\/www.compagniedumidi.fr\/?page_id=1824\">Elephant Man<\/a><\/h2>\n\n\n\n<p><\/p>\n\n\n\n<p><\/p>\n\n\n\n<figure class=\"wp-block-image size-large\"><a href=\"https:\/\/www.compagniedumidi.fr\/wp-content\/uploads\/2021\/05\/affiche-avignon-21-A8-1.jpg\"><img decoding=\"async\" src=\"https:\/\/www.compagniedumidi.fr\/wp-content\/uploads\/2021\/05\/affiche-avignon-21-A8-1.jpg\" alt=\"\" class=\"wp-image-2195\" width=\"NaN\" height=\"NaN\"\/><\/a><\/figure>\n<\/div>\n<\/div>\n\n\n\n<h1 class=\"wp-block-heading has-text-align-center\"><strong>LA COMPAGNIE :<\/strong><\/h1>\n\n\n\n<p>Cr\u00e9\u00e9e en 1998, la compagnie du Midi f\u00eate sa 17e cr\u00e9ation, son 17e festival d&rsquo;Avignon et quelques 2000 repr\u00e9sentations en&nbsp; France, dans les DOM-TOM (\u00cele de la R\u00e9union, Guyane) &nbsp;et&nbsp; \u00e0&nbsp; l&rsquo;\u00e9tranger&nbsp;&nbsp; (Liban, Maroc, Turquie, Mexique, Espagne,&nbsp; Allemagne,&nbsp; Suisse).<\/p>\n\n\n\n<p>Elle d\u00e9fend&nbsp; des&nbsp; textes contemporains ou engag\u00e9s et cultive la pluridisciplinarit\u00e9 (chant, danse, cirque, masque). Elle propose aussi des&nbsp; spectacles&nbsp; en&nbsp; espagnol&nbsp; ou&nbsp; bilingues.<\/p>\n\n\n\n<p>Depuis &nbsp;2003,&nbsp; elle&nbsp; assure&nbsp; les&nbsp; ateliers&nbsp; th\u00e9\u00e2tre&nbsp; de&nbsp; la&nbsp; ville&nbsp; de Chelles,&nbsp; intervient&nbsp; en&nbsp; milieu&nbsp; scolaire&nbsp; partout&nbsp; en&nbsp;&nbsp; France&nbsp; et anime &nbsp;des&nbsp; stages&nbsp; de&nbsp;&nbsp; formation&nbsp; \u00e0&nbsp; l&rsquo;\u00e9tranger \u00e0&nbsp; destination&nbsp; des&nbsp; amateurs&nbsp; ou&nbsp; des&nbsp; professionnels.<\/p>\n","protected":false},"excerpt":{"rendered":"<p>Reprise des cours \u00e0 Chelles : Informations et Inscriptions&nbsp;: Spectacles en tourn\u00e9e Elephant Man, version Jeune Public Elephant Man LA COMPAGNIE : Cr\u00e9\u00e9e en 1998, la compagnie du Midi f\u00eate sa 17e cr\u00e9ation, son 17e festival d&rsquo;Avignon et quelques 2000 &hellip; <a href=\"https:\/\/www.compagniedumidi.fr\/\">Continuer la lecture <span class=\"meta-nav\">&rarr;<\/span><\/a><\/p>\n","protected":false},"author":1,"featured_media":0,"parent":0,"menu_order":1,"comment_status":"closed","ping_status":"closed","template":"","meta":{"footnotes":""},"class_list":["post-139","page","type-page","status-publish","hentry"],"_links":{"self":[{"href":"https:\/\/www.compagniedumidi.fr\/index.php?rest_route=\/wp\/v2\/pages\/139","targetHints":{"allow":["GET"]}}],"collection":[{"href":"https:\/\/www.compagniedumidi.fr\/index.php?rest_route=\/wp\/v2\/pages"}],"about":[{"href":"https:\/\/www.compagniedumidi.fr\/index.php?rest_route=\/wp\/v2\/types\/page"}],"author":[{"embeddable":true,"href":"https:\/\/www.compagniedumidi.fr\/index.php?rest_route=\/wp\/v2\/users\/1"}],"replies":[{"embeddable":true,"href":"https:\/\/www.compagniedumidi.fr\/index.php?rest_route=%2Fwp%2Fv2%2Fcomments&post=139"}],"version-history":[{"count":213,"href":"https:\/\/www.compagniedumidi.fr\/index.php?rest_route=\/wp\/v2\/pages\/139\/revisions"}],"predecessor-version":[{"id":2312,"href":"https:\/\/www.compagniedumidi.fr\/index.php?rest_route=\/wp\/v2\/pages\/139\/revisions\/2312"}],"wp:attachment":[{"href":"https:\/\/www.compagniedumidi.fr\/index.php?rest_route=%2Fwp%2Fv2%2Fmedia&parent=139"}],"curies":[{"name":"wp","href":"https:\/\/api.w.org\/{rel}","templated":true}]}}