{"id":1454,"date":"2015-07-31T09:50:16","date_gmt":"2015-07-31T08:50:16","guid":{"rendered":"http:\/\/www.compagniedumidi.fr\/?page_id=1454"},"modified":"2021-05-12T12:54:38","modified_gmt":"2021-05-12T11:54:38","slug":"charlie-la-cousue","status":"publish","type":"page","link":"https:\/\/www.compagniedumidi.fr\/?page_id=1454","title":{"rendered":"Charlie la Cousue"},"content":{"rendered":"<h1><span style=\"text-decoration: underline;\"><strong>de Magali de Jonckheere<\/strong><\/span><strong><br><\/strong><\/h1>\n<p><iframe loading=\"lazy\" title=\"BA Charlie la Cousue Avi17\" width=\"640\" height=\"360\" src=\"https:\/\/www.youtube.com\/embed\/sVc6GnDv_HE?feature=oembed\" frameborder=\"0\" allow=\"accelerometer; autoplay; clipboard-write; encrypted-media; gyroscope; picture-in-picture; web-share\" referrerpolicy=\"strict-origin-when-cross-origin\" allowfullscreen><\/iframe><\/p>\n\n\n<div class=\"wp-block-columns has-2-columns is-layout-flex wp-container-core-columns-is-layout-9d6595d7 wp-block-columns-is-layout-flex\">\n<div class=\"wp-block-column is-layout-flow wp-block-column-is-layout-flow\">\n<h2 class=\"wp-block-heading\"><strong>Style :<\/strong><\/h2>\n\n\n\n<p>Th\u00e9\u00e2tre musical tout public \u00e0 partir de 5 ans<\/p>\n\n\n\n<h2 class=\"wp-block-heading\"><strong>Histoire :<\/strong><\/h2>\n\n\n\n<p>L&rsquo;histoire de&nbsp;<em>Charlie la Cousue&nbsp;<\/em>est celle d&rsquo;une petite fille amoch\u00e9e, bless\u00e9e par la vie, par son histoire qu&rsquo;elle ne conna\u00eet pas et par les autres enfants. C&rsquo;est l&rsquo;histoire d&rsquo;une enfant mal raccommod\u00e9e qui, gr\u00e2ce ou \u00e0 cause de ses blessures, est capable de faire le plus extraordinaire des voyages : celui qui la m\u00e8nera \u00e0 l&rsquo;int\u00e9rieur de son \u00e2me et de ses d\u00e9sirs, au coeur de son pass\u00e9 et de ses questions, dans le Monde de l&rsquo;Au-Dedans.<\/p>\n\n\n\n<p>Mais l&rsquo;odyss\u00e9e de Charlie n&rsquo;est pas seulement le r\u00e9cit triste et cruel d&rsquo;une petite orpheline \u00e0 la recherche de sa v\u00e9rit\u00e9. C&rsquo;est aussi le portrait d&rsquo;une gamine intelligente, espi\u00e8gle et pleine d&rsquo;humour, qui fait des rencontres inattendues. Ainsi, Mahala, une myst\u00e9rieuse louve la guide et l&rsquo;aide \u00e0 d\u00e9couvrir le secret de sa naissance. Et un \u00e9trange lutin grognon, Cranouille, se r\u00e9v\u00e8le \u00eatre le meilleur des compagnons de route.<\/p>\n\n\n\n<p>Tout au long du spectacle, la musique et les chants rythment le r\u00e9cit et appuient le myst\u00e8re de ce voyage initiatique, dessinant sans cesse les ponts entre r\u00e9el et imaginaire.<\/p>\n\n\n\n<h2 class=\"wp-block-heading\" id=\"mce_21\"><strong>Extraits de presse :\ufeff<\/strong><\/h2>\n\n\n\n<p>\u00ab\u00a0Une com\u00e9die musicale pour enfants pleine d&rsquo;inventivit\u00e9 et de trouvailles astucieuses, notamment un recours intelligent \u00e0 la projection vid\u00e9o. Le trio de com\u00e9diens ne m\u00e9nage pas ses efforts pour donner vie \u00e0 toute une galerie de personnages.\u00a0\u00bb <strong>LE MONDE<\/strong><\/p>\n\n\n\n<h2 class=\"wp-block-heading\"><strong>Equipe :<\/strong><\/h2>\n\n\n\n<ul class=\"wp-block-list\"><li>Mise en sc\u00e8ne et cr\u00e9ation musicale : Antoine Chalard<\/li><li>Avec : Elodie de Bosmelet, Magali de Jonckheere et Florent Malburet &nbsp;<\/li><li>Masques et Marionnettes : Vladimir Kandor et Galina Molotov<\/li><li>Sc\u00e9nographie : Andr\u00e9 Chalard<\/li><li>Cr\u00e9ation lumi\u00e8re : Alexis Moreau <\/li><li>Cr\u00e9ation vid\u00e9o : Karim Brusseleers<\/li><\/ul>\n\n\n\n<h2 class=\"wp-block-heading\"><strong>Date de cr\u00e9ation :<\/strong><\/h2>\n\n\n\n<p>10 d\u00e9cembre 2015<\/p>\n\n\n\n<h2 class=\"wp-block-heading\"><strong>Lieux de repr\u00e9sentations :<\/strong><\/h2>\n\n\n\n<ul class=\"wp-block-list\"><li>77 &#8211; Claye-Souilly : Espace Andr\u00e9 Malraux&nbsp; &nbsp; &nbsp; &nbsp; &nbsp; <\/li><li>77&nbsp; &nbsp;&#8211; Bailly-Romainviliers : La Ferme Corsange&nbsp; &nbsp; &nbsp;<\/li><li>84 &#8211; Avignon : Th\u00e9\u00e2tre de l&rsquo;Aliz\u00e9&nbsp; &nbsp; &nbsp; &nbsp; &nbsp;<\/li><li>91 &#8211; Brunoy : Th\u00e9\u00e2tre de la Vall\u00e9e d&rsquo;Yerres&nbsp; &nbsp; &nbsp; &nbsp; &nbsp; &nbsp; &nbsp;<\/li><li>95 &#8211; Cergy-Pontoise : Th\u00e9\u00e2tre 95<\/li><\/ul>\n\n\n\n<h2 class=\"wp-block-heading\"><strong>T\u00e9l\u00e9charger le <a href=\"http:\/\/www.compagniedumidi.fr\/?page_id=1543\">Dossier de Charlie la cousue<\/a><\/strong><\/h2>\n\n\n\n<h2 class=\"wp-block-heading\"><strong>T\u00e9l\u00e9charger la <a href=\"http:\/\/www.compagniedumidi.fr\/pdf\/Fiche _technique_Charlie_la_cousue\">fiche technique de Charlie la cousue<\/a><\/strong><\/h2>\n<\/div>\n\n\n\n<div class=\"wp-block-column is-layout-flow wp-block-column-is-layout-flow\">\n<figure class=\"wp-block-image\"><img decoding=\"async\" src=\"http:\/\/www.compagniedumidi.fr\/wp-content\/uploads\/2015\/07\/affiche-cergy-site.jpg\" alt=\"\" class=\"wp-image-1563\" height=\"NaN\" srcset=\"https:\/\/www.compagniedumidi.fr\/wp-content\/uploads\/2015\/07\/affiche-cergy-site.jpg 472w, https:\/\/www.compagniedumidi.fr\/wp-content\/uploads\/2015\/07\/affiche-cergy-site-188x300.jpg 188w\" sizes=\"(max-width: 472px) 100vw, 472px\" \/><\/figure>\n\n\n\n<figure class=\"wp-block-image\"><img decoding=\"async\" src=\"http:\/\/www.compagniedumidi.fr\/wp-content\/uploads\/2015\/07\/photo-6.jpg\" alt=\"\" class=\"wp-image-1556\" height=\"NaN\" srcset=\"https:\/\/www.compagniedumidi.fr\/wp-content\/uploads\/2015\/07\/photo-6.jpg 591w, https:\/\/www.compagniedumidi.fr\/wp-content\/uploads\/2015\/07\/photo-6-300x230.jpg 300w\" sizes=\"(max-width: 591px) 100vw, 591px\" \/><\/figure>\n\n\n\n<figure class=\"wp-block-image\"><img decoding=\"async\" src=\"http:\/\/www.compagniedumidi.fr\/wp-content\/uploads\/2015\/07\/photo-1.jpg\" alt=\"\" class=\"wp-image-1561\" height=\"NaN\" srcset=\"https:\/\/www.compagniedumidi.fr\/wp-content\/uploads\/2015\/07\/photo-1.jpg 472w, https:\/\/www.compagniedumidi.fr\/wp-content\/uploads\/2015\/07\/photo-1-222x300.jpg 222w\" sizes=\"(max-width: 472px) 100vw, 472px\" \/><\/figure>\n\n\n\n<figure class=\"wp-block-image\"><img decoding=\"async\" src=\"http:\/\/www.compagniedumidi.fr\/wp-content\/uploads\/2015\/07\/photo-4b.jpg\" alt=\"\" class=\"wp-image-1572\" height=\"NaN\" srcset=\"https:\/\/www.compagniedumidi.fr\/wp-content\/uploads\/2015\/07\/photo-4b.jpg 591w, https:\/\/www.compagniedumidi.fr\/wp-content\/uploads\/2015\/07\/photo-4b-300x251.jpg 300w\" sizes=\"(max-width: 591px) 100vw, 591px\" \/><\/figure>\n\n\n\n<figure class=\"wp-block-image\"><img decoding=\"async\" src=\"http:\/\/www.compagniedumidi.fr\/wp-content\/uploads\/2015\/07\/photo-3.jpg\" alt=\"\" class=\"wp-image-1559\" height=\"NaN\" srcset=\"https:\/\/www.compagniedumidi.fr\/wp-content\/uploads\/2015\/07\/photo-3.jpg 591w, https:\/\/www.compagniedumidi.fr\/wp-content\/uploads\/2015\/07\/photo-3-300x232.jpg 300w\" sizes=\"(max-width: 591px) 100vw, 591px\" \/><\/figure>\n\n\n\n<figure class=\"wp-block-image\"><img decoding=\"async\" src=\"http:\/\/www.compagniedumidi.fr\/wp-content\/uploads\/2015\/07\/photo-2.jpg\" alt=\"\" class=\"wp-image-1560\" height=\"NaN\" srcset=\"https:\/\/www.compagniedumidi.fr\/wp-content\/uploads\/2015\/07\/photo-2.jpg 591w, https:\/\/www.compagniedumidi.fr\/wp-content\/uploads\/2015\/07\/photo-2-300x234.jpg 300w\" sizes=\"(max-width: 591px) 100vw, 591px\" \/><\/figure>\n\n\n\n<figure class=\"wp-block-image\"><img decoding=\"async\" src=\"http:\/\/www.compagniedumidi.fr\/wp-content\/uploads\/2015\/07\/photo-5.jpg\" alt=\"\" class=\"wp-image-1557\" height=\"NaN\" srcset=\"https:\/\/www.compagniedumidi.fr\/wp-content\/uploads\/2015\/07\/photo-5.jpg 591w, https:\/\/www.compagniedumidi.fr\/wp-content\/uploads\/2015\/07\/photo-5-300x274.jpg 300w\" sizes=\"(max-width: 591px) 100vw, 591px\" \/><\/figure>\n\n\n\n<figure class=\"wp-block-image\"><img decoding=\"async\" src=\"http:\/\/www.compagniedumidi.fr\/wp-content\/uploads\/2015\/07\/photo-7.jpg\" alt=\"\" class=\"wp-image-1555\" height=\"NaN\" srcset=\"https:\/\/www.compagniedumidi.fr\/wp-content\/uploads\/2015\/07\/photo-7.jpg 472w, https:\/\/www.compagniedumidi.fr\/wp-content\/uploads\/2015\/07\/photo-7-214x300.jpg 214w\" sizes=\"(max-width: 472px) 100vw, 472px\" \/><\/figure>\n\n\n\n<figure class=\"wp-block-image\"><img decoding=\"async\" src=\"http:\/\/www.compagniedumidi.fr\/wp-content\/uploads\/2015\/07\/photo-8.jpg\" alt=\"\" class=\"wp-image-1554\" height=\"NaN\" srcset=\"https:\/\/www.compagniedumidi.fr\/wp-content\/uploads\/2015\/07\/photo-8.jpg 472w, https:\/\/www.compagniedumidi.fr\/wp-content\/uploads\/2015\/07\/photo-8-288x300.jpg 288w\" sizes=\"(max-width: 472px) 100vw, 472px\" \/><\/figure>\n<\/div>\n<\/div>\n","protected":false},"excerpt":{"rendered":"<p>de Magali de Jonckheere Style : Th\u00e9\u00e2tre musical tout public \u00e0 partir de 5 ans Histoire : L&rsquo;histoire de&nbsp;Charlie la Cousue&nbsp;est celle d&rsquo;une petite fille amoch\u00e9e, bless\u00e9e par la vie, par son histoire qu&rsquo;elle ne conna\u00eet pas et par les &hellip; <a href=\"https:\/\/www.compagniedumidi.fr\/?page_id=1454\">Continuer la lecture <span class=\"meta-nav\">&rarr;<\/span><\/a><\/p>\n","protected":false},"author":1,"featured_media":1808,"parent":51,"menu_order":3,"comment_status":"closed","ping_status":"closed","template":"","meta":{"footnotes":""},"class_list":["post-1454","page","type-page","status-publish","has-post-thumbnail","hentry"],"_links":{"self":[{"href":"https:\/\/www.compagniedumidi.fr\/index.php?rest_route=\/wp\/v2\/pages\/1454","targetHints":{"allow":["GET"]}}],"collection":[{"href":"https:\/\/www.compagniedumidi.fr\/index.php?rest_route=\/wp\/v2\/pages"}],"about":[{"href":"https:\/\/www.compagniedumidi.fr\/index.php?rest_route=\/wp\/v2\/types\/page"}],"author":[{"embeddable":true,"href":"https:\/\/www.compagniedumidi.fr\/index.php?rest_route=\/wp\/v2\/users\/1"}],"replies":[{"embeddable":true,"href":"https:\/\/www.compagniedumidi.fr\/index.php?rest_route=%2Fwp%2Fv2%2Fcomments&post=1454"}],"version-history":[{"count":65,"href":"https:\/\/www.compagniedumidi.fr\/index.php?rest_route=\/wp\/v2\/pages\/1454\/revisions"}],"predecessor-version":[{"id":2164,"href":"https:\/\/www.compagniedumidi.fr\/index.php?rest_route=\/wp\/v2\/pages\/1454\/revisions\/2164"}],"up":[{"embeddable":true,"href":"https:\/\/www.compagniedumidi.fr\/index.php?rest_route=\/wp\/v2\/pages\/51"}],"wp:featuredmedia":[{"embeddable":true,"href":"https:\/\/www.compagniedumidi.fr\/index.php?rest_route=\/wp\/v2\/media\/1808"}],"wp:attachment":[{"href":"https:\/\/www.compagniedumidi.fr\/index.php?rest_route=%2Fwp%2Fv2%2Fmedia&parent=1454"}],"curies":[{"name":"wp","href":"https:\/\/api.w.org\/{rel}","templated":true}]}}