{"id":2153,"date":"2021-05-12T12:53:40","date_gmt":"2021-05-12T11:53:40","guid":{"rendered":"https:\/\/www.compagniedumidi.fr\/?page_id=2153"},"modified":"2022-01-06T19:10:47","modified_gmt":"2022-01-06T18:10:47","slug":"elephant-man-version-jeune-public","status":"publish","type":"page","link":"https:\/\/www.compagniedumidi.fr\/?page_id=2153","title":{"rendered":"Elephant Man &#8211; Jeune Public"},"content":{"rendered":"\n<h2 class=\"wp-block-heading\">d&rsquo;Antoine Chalard<\/h2>\n\n\n\n<figure class=\"wp-block-embed is-type-video is-provider-vimeo wp-block-embed-vimeo wp-embed-aspect-16-9 wp-has-aspect-ratio\"><div class=\"wp-block-embed__wrapper\">\n<iframe loading=\"lazy\" title=\"teaser Elephant man .mp4\" src=\"https:\/\/player.vimeo.com\/video\/576363947?dnt=1&amp;app_id=122963\" width=\"640\" height=\"360\" frameborder=\"0\" allow=\"autoplay; fullscreen; picture-in-picture; clipboard-write\"><\/iframe>\n<\/div><\/figure>\n\n\n\n<div class=\"wp-block-columns is-layout-flex wp-container-core-columns-is-layout-9d6595d7 wp-block-columns-is-layout-flex\">\n<div class=\"wp-block-column is-layout-flow wp-block-column-is-layout-flow\">\n<h2 class=\"wp-block-heading\"><strong>Style :<\/strong><\/h2>\n\n\n\n<p>Th\u00e9\u00e2tre Jeune Public de 8 \u00e0 13 ans<\/p>\n\n\n\n<h2 class=\"wp-block-heading\"><strong>Histoire : <\/strong><\/h2>\n\n\n\n<p>John est l&rsquo;attraction principale de la Foire&#8230;<\/p>\n\n\n\n<p>Il faut dire que ce n&rsquo;est pas un gar\u00e7on comme les autres. Il est n\u00e9 avec une t\u00eate grosse<\/p>\n\n\n\n<p>comme la lune et ne parle pas, ce qui lui vaut d&rsquo;\u00eatre exhib\u00e9 comme une b\u00eate.<\/p>\n\n\n\n<p>Un beau jour, un c\u00e9l\u00e8bre m\u00e9decin le d\u00e9couvre et l&rsquo;arrache aux griffes de sa cruelle \u201cpropri\u00e9taire\u201d. Avec l&rsquo;aide pr\u00e9cieuse de l&rsquo;infirmi\u00e8re en chef , il va r\u00e9-apprendre \u00e0 parler \u00e0 John et lui rendre son humanit\u00e9. John pourra ainsi conna\u00eetre l&rsquo;amour en rencontrant la Princesse Alexandra, elle aussi tr\u00e8s loin de l&rsquo;image que l&rsquo;on se fait d&rsquo;une princesse de conte de f\u00e9es.<\/p>\n\n\n\n<p>A mi-chemin entre conte et th\u00e9\u00e2tre, ce spectacle, tr\u00e8s librement inspir\u00e9 de l&rsquo;histoire de Joseph Merrick, alias Elephant Man, revisite le mythe du Vilain Petit Canard. Il apporte une r\u00e9flexion sur la diff\u00e9rence et l&rsquo;humanit\u00e9, tout en plongeant les enfants dans une histoire tendre et \u00e9mouvante.<\/p>\n\n\n\n<h2 class=\"wp-block-heading\"><strong> Extraits de presse : <\/strong><\/h2>\n\n\n\n<p>\u00ab\u00a0El\u00e9gant, sensible et intelligent, Une prouesse d&rsquo;adaptation, une ode \u00e0 la diff\u00e9rence d&rsquo;une qualit\u00e9 rare, bref une prodigieuse r\u00e9ussite.\u00a0\u00bb <strong>VIVANTMAG<\/strong><\/p>\n\n\n\n<p>\u00ab\u00a0Un tr\u00e8s beau spectacle pour ouvrir les plus jeunes au sujet de la diff\u00e9rence et de la peur de l&rsquo;autre. A voir absolument !\u00a0\u00bb <strong>PARIS THEATRE BLOG<\/strong><\/p>\n\n\n\n<h2 class=\"wp-block-heading\"><strong>Equipe :<\/strong><\/h2>\n\n\n\n<ul class=\"wp-block-list\"><li>Mise en sc\u00e8ne : Antoine Chalard<\/li><li>Avec : Caroline Pallar\u00e8s, Antoine Chalard et Florent Malburet<\/li><li>Costumes : Marie Vernhes<\/li><li>Cr\u00e9ation lumi\u00e8re : J\u00e9r\u00f4me Baudouin<\/li><li>Accessoirisation : Florent Malburet<\/li><li>Masque : Galina Molotov<\/li><li>Photos : Karine Lagrave et Philippe Hanula<\/li><\/ul>\n\n\n\n<h2 class=\"wp-block-heading\"><strong>Date de cr\u00e9ation :<\/strong><\/h2>\n\n\n\n<p>7 juillet 2021<\/p>\n\n\n\n<h2 class=\"wp-block-heading\"><strong>Lieux de repr\u00e9sentations :<\/strong><\/h2>\n\n\n\n<ul class=\"wp-block-list\"><li>84 &#8211; Avignon : La Fabrik &nbsp; &nbsp;<\/li><\/ul>\n<\/div>\n\n\n\n<div class=\"wp-block-column is-layout-flow wp-block-column-is-layout-flow\">\n<figure class=\"wp-block-image size-large\"><a href=\"https:\/\/www.compagniedumidi.fr\/wp-content\/uploads\/2022\/01\/affiche-avignon-21-logos.jpg\"><img decoding=\"async\" src=\"https:\/\/www.compagniedumidi.fr\/wp-content\/uploads\/2022\/01\/affiche-avignon-21-logos-724x1024.jpg\" alt=\"\" class=\"wp-image-2263\" width=\"NaN\" height=\"NaN\" srcset=\"https:\/\/www.compagniedumidi.fr\/wp-content\/uploads\/2022\/01\/affiche-avignon-21-logos-724x1024.jpg 724w, https:\/\/www.compagniedumidi.fr\/wp-content\/uploads\/2022\/01\/affiche-avignon-21-logos-212x300.jpg 212w, https:\/\/www.compagniedumidi.fr\/wp-content\/uploads\/2022\/01\/affiche-avignon-21-logos-768x1086.jpg 768w, https:\/\/www.compagniedumidi.fr\/wp-content\/uploads\/2022\/01\/affiche-avignon-21-logos-1086x1536.jpg 1086w, https:\/\/www.compagniedumidi.fr\/wp-content\/uploads\/2022\/01\/affiche-avignon-21-logos-1448x2048.jpg 1448w, https:\/\/www.compagniedumidi.fr\/wp-content\/uploads\/2022\/01\/affiche-avignon-21-logos.jpg 1654w\" sizes=\"(max-width: 724px) 100vw, 724px\" \/><\/a><\/figure>\n\n\n\n<figure class=\"wp-block-image size-large\"><a href=\"https:\/\/www.compagniedumidi.fr\/wp-content\/uploads\/2021\/09\/IMG_4762-scaled.jpg\"><img decoding=\"async\" src=\"https:\/\/www.compagniedumidi.fr\/wp-content\/uploads\/2021\/09\/IMG_4762-1024x683.jpg\" alt=\"\" class=\"wp-image-2230\" width=\"NaN\" height=\"NaN\" srcset=\"https:\/\/www.compagniedumidi.fr\/wp-content\/uploads\/2021\/09\/IMG_4762-1024x683.jpg 1024w, https:\/\/www.compagniedumidi.fr\/wp-content\/uploads\/2021\/09\/IMG_4762-300x200.jpg 300w, https:\/\/www.compagniedumidi.fr\/wp-content\/uploads\/2021\/09\/IMG_4762-768x512.jpg 768w, https:\/\/www.compagniedumidi.fr\/wp-content\/uploads\/2021\/09\/IMG_4762-1536x1024.jpg 1536w, https:\/\/www.compagniedumidi.fr\/wp-content\/uploads\/2021\/09\/IMG_4762-2048x1365.jpg 2048w\" sizes=\"(max-width: 1024px) 100vw, 1024px\" \/><\/a><\/figure>\n\n\n\n<figure class=\"wp-block-image size-large\"><a href=\"https:\/\/www.compagniedumidi.fr\/wp-content\/uploads\/2021\/09\/IMG_4751-scaled.jpg\"><img decoding=\"async\" src=\"https:\/\/www.compagniedumidi.fr\/wp-content\/uploads\/2021\/09\/IMG_4751-683x1024.jpg\" alt=\"\" class=\"wp-image-2234\" width=\"NaN\" height=\"NaN\" srcset=\"https:\/\/www.compagniedumidi.fr\/wp-content\/uploads\/2021\/09\/IMG_4751-683x1024.jpg 683w, https:\/\/www.compagniedumidi.fr\/wp-content\/uploads\/2021\/09\/IMG_4751-200x300.jpg 200w, https:\/\/www.compagniedumidi.fr\/wp-content\/uploads\/2021\/09\/IMG_4751-768x1152.jpg 768w, https:\/\/www.compagniedumidi.fr\/wp-content\/uploads\/2021\/09\/IMG_4751-1024x1536.jpg 1024w, https:\/\/www.compagniedumidi.fr\/wp-content\/uploads\/2021\/09\/IMG_4751-1365x2048.jpg 1365w, https:\/\/www.compagniedumidi.fr\/wp-content\/uploads\/2021\/09\/IMG_4751-scaled.jpg 1707w\" sizes=\"(max-width: 683px) 100vw, 683px\" \/><\/a><\/figure>\n\n\n\n<figure class=\"wp-block-image size-large\"><a href=\"https:\/\/www.compagniedumidi.fr\/wp-content\/uploads\/2021\/09\/IMG_4767-scaled.jpg\"><img decoding=\"async\" src=\"https:\/\/www.compagniedumidi.fr\/wp-content\/uploads\/2021\/09\/IMG_4767-1024x683.jpg\" alt=\"\" class=\"wp-image-2236\" width=\"NaN\" height=\"NaN\" srcset=\"https:\/\/www.compagniedumidi.fr\/wp-content\/uploads\/2021\/09\/IMG_4767-1024x683.jpg 1024w, https:\/\/www.compagniedumidi.fr\/wp-content\/uploads\/2021\/09\/IMG_4767-300x200.jpg 300w, https:\/\/www.compagniedumidi.fr\/wp-content\/uploads\/2021\/09\/IMG_4767-768x512.jpg 768w, https:\/\/www.compagniedumidi.fr\/wp-content\/uploads\/2021\/09\/IMG_4767-1536x1024.jpg 1536w, https:\/\/www.compagniedumidi.fr\/wp-content\/uploads\/2021\/09\/IMG_4767-2048x1365.jpg 2048w\" sizes=\"(max-width: 1024px) 100vw, 1024px\" \/><\/a><\/figure>\n\n\n\n<figure class=\"wp-block-image size-large\"><a href=\"https:\/\/www.compagniedumidi.fr\/wp-content\/uploads\/2021\/09\/Photo-28.jpg\"><img decoding=\"async\" src=\"https:\/\/www.compagniedumidi.fr\/wp-content\/uploads\/2021\/09\/Photo-28-1024x768.jpg\" alt=\"\" class=\"wp-image-2229\" width=\"NaN\" height=\"NaN\" srcset=\"https:\/\/www.compagniedumidi.fr\/wp-content\/uploads\/2021\/09\/Photo-28-1024x768.jpg 1024w, https:\/\/www.compagniedumidi.fr\/wp-content\/uploads\/2021\/09\/Photo-28-300x225.jpg 300w, https:\/\/www.compagniedumidi.fr\/wp-content\/uploads\/2021\/09\/Photo-28-768x576.jpg 768w, https:\/\/www.compagniedumidi.fr\/wp-content\/uploads\/2021\/09\/Photo-28.jpg 1080w\" sizes=\"(max-width: 1024px) 100vw, 1024px\" \/><\/a><\/figure>\n\n\n\n<figure class=\"wp-block-image size-large\"><a href=\"https:\/\/www.compagniedumidi.fr\/wp-content\/uploads\/2021\/09\/IMG_4705-scaled.jpg\"><img decoding=\"async\" src=\"https:\/\/www.compagniedumidi.fr\/wp-content\/uploads\/2021\/09\/IMG_4705-1024x683.jpg\" alt=\"\" class=\"wp-image-2238\" width=\"NaN\" height=\"NaN\" srcset=\"https:\/\/www.compagniedumidi.fr\/wp-content\/uploads\/2021\/09\/IMG_4705-1024x683.jpg 1024w, https:\/\/www.compagniedumidi.fr\/wp-content\/uploads\/2021\/09\/IMG_4705-300x200.jpg 300w, https:\/\/www.compagniedumidi.fr\/wp-content\/uploads\/2021\/09\/IMG_4705-768x512.jpg 768w, https:\/\/www.compagniedumidi.fr\/wp-content\/uploads\/2021\/09\/IMG_4705-1536x1024.jpg 1536w, https:\/\/www.compagniedumidi.fr\/wp-content\/uploads\/2021\/09\/IMG_4705-2048x1365.jpg 2048w\" sizes=\"(max-width: 1024px) 100vw, 1024px\" \/><\/a><\/figure>\n\n\n\n<figure class=\"wp-block-image size-large\"><a href=\"https:\/\/www.compagniedumidi.fr\/wp-content\/uploads\/2021\/09\/IMG_4768-scaled.jpg\"><img decoding=\"async\" src=\"https:\/\/www.compagniedumidi.fr\/wp-content\/uploads\/2021\/09\/IMG_4768-1024x683.jpg\" alt=\"\" class=\"wp-image-2239\" width=\"NaN\" height=\"NaN\" srcset=\"https:\/\/www.compagniedumidi.fr\/wp-content\/uploads\/2021\/09\/IMG_4768-1024x683.jpg 1024w, https:\/\/www.compagniedumidi.fr\/wp-content\/uploads\/2021\/09\/IMG_4768-300x200.jpg 300w, https:\/\/www.compagniedumidi.fr\/wp-content\/uploads\/2021\/09\/IMG_4768-768x512.jpg 768w, https:\/\/www.compagniedumidi.fr\/wp-content\/uploads\/2021\/09\/IMG_4768-1536x1024.jpg 1536w, https:\/\/www.compagniedumidi.fr\/wp-content\/uploads\/2021\/09\/IMG_4768-2048x1365.jpg 2048w\" sizes=\"(max-width: 1024px) 100vw, 1024px\" \/><\/a><\/figure>\n\n\n\n<figure class=\"wp-block-image size-large\"><a href=\"https:\/\/www.compagniedumidi.fr\/wp-content\/uploads\/2021\/09\/IMG_20210725_171417-scaled.jpg\"><img decoding=\"async\" src=\"https:\/\/www.compagniedumidi.fr\/wp-content\/uploads\/2021\/09\/IMG_20210725_171417-1024x461.jpg\" alt=\"\" class=\"wp-image-2240\" width=\"NaN\" height=\"NaN\" srcset=\"https:\/\/www.compagniedumidi.fr\/wp-content\/uploads\/2021\/09\/IMG_20210725_171417-1024x461.jpg 1024w, https:\/\/www.compagniedumidi.fr\/wp-content\/uploads\/2021\/09\/IMG_20210725_171417-300x135.jpg 300w, https:\/\/www.compagniedumidi.fr\/wp-content\/uploads\/2021\/09\/IMG_20210725_171417-768x346.jpg 768w, https:\/\/www.compagniedumidi.fr\/wp-content\/uploads\/2021\/09\/IMG_20210725_171417-1536x691.jpg 1536w, https:\/\/www.compagniedumidi.fr\/wp-content\/uploads\/2021\/09\/IMG_20210725_171417-2048x922.jpg 2048w\" sizes=\"(max-width: 1024px) 100vw, 1024px\" \/><\/a><\/figure>\n\n\n\n<figure class=\"wp-block-image size-large\"><a href=\"https:\/\/www.compagniedumidi.fr\/wp-content\/uploads\/2021\/09\/IMG_4757-scaled.jpg\"><img decoding=\"async\" src=\"https:\/\/www.compagniedumidi.fr\/wp-content\/uploads\/2021\/09\/IMG_4757-1024x683.jpg\" alt=\"\" class=\"wp-image-2241\" width=\"NaN\" height=\"NaN\" srcset=\"https:\/\/www.compagniedumidi.fr\/wp-content\/uploads\/2021\/09\/IMG_4757-1024x683.jpg 1024w, https:\/\/www.compagniedumidi.fr\/wp-content\/uploads\/2021\/09\/IMG_4757-300x200.jpg 300w, https:\/\/www.compagniedumidi.fr\/wp-content\/uploads\/2021\/09\/IMG_4757-768x512.jpg 768w, https:\/\/www.compagniedumidi.fr\/wp-content\/uploads\/2021\/09\/IMG_4757-1536x1024.jpg 1536w, https:\/\/www.compagniedumidi.fr\/wp-content\/uploads\/2021\/09\/IMG_4757-2048x1365.jpg 2048w\" sizes=\"(max-width: 1024px) 100vw, 1024px\" \/><\/a><\/figure>\n\n\n\n<figure class=\"wp-block-image size-large\"><a href=\"https:\/\/www.compagniedumidi.fr\/wp-content\/uploads\/2021\/05\/photo-27.jpg\"><img decoding=\"async\" src=\"https:\/\/www.compagniedumidi.fr\/wp-content\/uploads\/2021\/05\/photo-27-1024x682.jpg\" alt=\"\" class=\"wp-image-2155\" width=\"NaN\" height=\"NaN\" srcset=\"https:\/\/www.compagniedumidi.fr\/wp-content\/uploads\/2021\/05\/photo-27-1024x682.jpg 1024w, https:\/\/www.compagniedumidi.fr\/wp-content\/uploads\/2021\/05\/photo-27-300x200.jpg 300w, https:\/\/www.compagniedumidi.fr\/wp-content\/uploads\/2021\/05\/photo-27-768x512.jpg 768w, https:\/\/www.compagniedumidi.fr\/wp-content\/uploads\/2021\/05\/photo-27.jpg 1280w\" sizes=\"(max-width: 1024px) 100vw, 1024px\" \/><\/a><\/figure>\n\n\n\n<figure class=\"wp-block-image size-large\"><a href=\"https:\/\/www.compagniedumidi.fr\/wp-content\/uploads\/2021\/09\/IMG_4759-scaled.jpg\"><img decoding=\"async\" src=\"https:\/\/www.compagniedumidi.fr\/wp-content\/uploads\/2021\/09\/IMG_4759-1024x683.jpg\" alt=\"\" class=\"wp-image-2242\" width=\"NaN\" height=\"NaN\" srcset=\"https:\/\/www.compagniedumidi.fr\/wp-content\/uploads\/2021\/09\/IMG_4759-1024x683.jpg 1024w, https:\/\/www.compagniedumidi.fr\/wp-content\/uploads\/2021\/09\/IMG_4759-300x200.jpg 300w, https:\/\/www.compagniedumidi.fr\/wp-content\/uploads\/2021\/09\/IMG_4759-768x512.jpg 768w, https:\/\/www.compagniedumidi.fr\/wp-content\/uploads\/2021\/09\/IMG_4759-1536x1024.jpg 1536w, https:\/\/www.compagniedumidi.fr\/wp-content\/uploads\/2021\/09\/IMG_4759-2048x1365.jpg 2048w\" sizes=\"(max-width: 1024px) 100vw, 1024px\" \/><\/a><\/figure>\n<\/div>\n<\/div>\n\n\n\n<h2 class=\"wp-block-heading\"><strong>T\u00e9l\u00e9charger <a href=\"https:\/\/www.compagniedumidi.fr\/wp-content\/uploads\/2021\/06\/ElephantMan-Plaket-JP_mail.pdf\">le dossier d&rsquo;Elephant Man, Jeune Public<\/a><\/strong><\/h2>\n\n\n\n<h2 class=\"wp-block-heading\"><strong>T\u00e9l\u00e9charger <a href=\"https:\/\/www.compagniedumidi.fr\/wp-content\/uploads\/2021\/06\/ElephantManJP-Tract-Mail_mail.pdf\">le tract d&rsquo;Elephant Man, Jeune Public<\/a><\/strong><\/h2>\n\n\n\n<p><\/p>\n","protected":false},"excerpt":{"rendered":"<p>d&rsquo;Antoine Chalard Style : Th\u00e9\u00e2tre Jeune Public de 8 \u00e0 13 ans Histoire : John est l&rsquo;attraction principale de la Foire&#8230; Il faut dire que ce n&rsquo;est pas un gar\u00e7on comme les autres. Il est n\u00e9 avec une t\u00eate grosse &hellip; <a href=\"https:\/\/www.compagniedumidi.fr\/?page_id=2153\">Continuer la lecture <span class=\"meta-nav\">&rarr;<\/span><\/a><\/p>\n","protected":false},"author":1,"featured_media":0,"parent":51,"menu_order":1,"comment_status":"closed","ping_status":"closed","template":"","meta":{"footnotes":""},"class_list":["post-2153","page","type-page","status-publish","hentry"],"_links":{"self":[{"href":"https:\/\/www.compagniedumidi.fr\/index.php?rest_route=\/wp\/v2\/pages\/2153","targetHints":{"allow":["GET"]}}],"collection":[{"href":"https:\/\/www.compagniedumidi.fr\/index.php?rest_route=\/wp\/v2\/pages"}],"about":[{"href":"https:\/\/www.compagniedumidi.fr\/index.php?rest_route=\/wp\/v2\/types\/page"}],"author":[{"embeddable":true,"href":"https:\/\/www.compagniedumidi.fr\/index.php?rest_route=\/wp\/v2\/users\/1"}],"replies":[{"embeddable":true,"href":"https:\/\/www.compagniedumidi.fr\/index.php?rest_route=%2Fwp%2Fv2%2Fcomments&post=2153"}],"version-history":[{"count":27,"href":"https:\/\/www.compagniedumidi.fr\/index.php?rest_route=\/wp\/v2\/pages\/2153\/revisions"}],"predecessor-version":[{"id":2268,"href":"https:\/\/www.compagniedumidi.fr\/index.php?rest_route=\/wp\/v2\/pages\/2153\/revisions\/2268"}],"up":[{"embeddable":true,"href":"https:\/\/www.compagniedumidi.fr\/index.php?rest_route=\/wp\/v2\/pages\/51"}],"wp:attachment":[{"href":"https:\/\/www.compagniedumidi.fr\/index.php?rest_route=%2Fwp%2Fv2%2Fmedia&parent=2153"}],"curies":[{"name":"wp","href":"https:\/\/api.w.org\/{rel}","templated":true}]}}