{"id":49,"date":"2013-05-16T10:13:31","date_gmt":"2013-05-16T09:13:31","guid":{"rendered":"http:\/\/www.compagniedumidi.fr\/?page_id=49"},"modified":"2021-05-12T12:55:22","modified_gmt":"2021-05-12T11:55:22","slug":"les-noces-de-rositanoces-de-rositalorcagarica-lorcafederico-garcia-lorcamexicounammarionnettemarionnettesfranco-espagnol","status":"publish","type":"page","link":"https:\/\/www.compagniedumidi.fr\/?page_id=49","title":{"rendered":"Les Noces de Rosita"},"content":{"rendered":"<h1 style=\"text-align: left;\"><span style=\"text-decoration: underline;\"><span style=\"color: #000000; text-decoration: underline;\"><strong>de Federico Garcia Lorca<\/strong><\/span><\/span><\/h1>\n<p><iframe loading=\"lazy\" title=\"Les Noces de Rosita Bande Annonce\" width=\"640\" height=\"360\" src=\"https:\/\/www.youtube.com\/embed\/9kYZjfV4o_0?feature=oembed\" frameborder=\"0\" allow=\"accelerometer; autoplay; clipboard-write; encrypted-media; gyroscope; picture-in-picture; web-share\" referrerpolicy=\"strict-origin-when-cross-origin\" allowfullscreen><\/iframe><\/p>\n\n\n<div class=\"wp-block-columns has-2-columns is-layout-flex wp-container-core-columns-is-layout-9d6595d7 wp-block-columns-is-layout-flex\">\n<div class=\"wp-block-column is-layout-flow wp-block-column-is-layout-flow\">\n<h2 class=\"wp-block-heading\"><strong>Style :<\/strong><\/h2>\n\n\n\n<p>Com\u00e9die musicale tout public \u00e0 partir de 5 ans pour acteurs et marionnettes.<\/p>\n\n\n\n<h2 class=\"wp-block-heading\"><strong>Histoire :<\/strong><\/h2>\n\n\n\n<p>Il y a longtemps, en Andalousie, vivait Rosita, la plus belle et la meilleure chanteuse du village. Elle \u00e9tait amoureuse du charmant Cocoliche. Tous deux esp\u00e9raient se marier, commander des enfants \u00e0 Madrid et vivre tr\u00e8s heureux d\u2019amour, d\u2019eau fraiche et de chansons\u2026 Mais le p\u00e8re de Rosita la destinait au riche Don Cristobal, un g\u00e9ant dont la cruaut\u00e9 et la stupidit\u00e9 faisaient trembler tout le monde \u2026<br>Cette pi\u00e8ce du plus grand dramaturge espagnol du 20\u00e8me si\u00e8cle s\u2019inscrit dans la lign\u00e9e de ses com\u00e9dies populaires et familiales, aussi fantasques que po\u00e9tiques. La Compagnie du Midi en m\u00e9langeant subtilement com\u00e9diens, marionnettes et masques nous livre un spectacle joyeux o\u00f9 la machinerie na\u00efve du th\u00e9\u00e2tre de tr\u00e9teaux, la musique et les chants occupent une place de choix.<br>Le texte est \u00e9dit\u00e9 aux \u00e9ditions de La Pl\u00e9iade.<\/p>\n\n\n\n<h2 class=\"wp-block-heading\"><strong>Extraits de presse :<\/strong><\/h2>\n\n\n\n<ul class=\"wp-block-list\"><li>\u00ab\u00a0Marionnettes g\u00e9antes et com\u00e9diens masqu\u00e9s se donnent la r\u00e9plique sur ce texte de Lorca. Une exquise et riche adaptation du th\u00e9\u00e2tre populaire du XX\u00e8me si\u00e8cle, m\u00e9lant danse et chant avec une pointe de burlesque.\u00a0\u00bb <strong>TELERAMA<\/strong><\/li><li>\u00ab\u00a0Un tr\u00e8s beau travail\u00a0\u00bb&nbsp; <strong>FRANCE CULTURE<\/strong><\/li><li>\u00ab\u00a0Un spectacle remarqu\u00e9 au festival d\u2019Avignon qui ne prend pas les enfants pour des imb\u00e9ciles.\u00a0\u00bb&nbsp; <strong>LE PARISIEN<\/strong><\/li><li>\u00ab\u00a0L&rsquo;univers du th\u00e9\u00e2tre de foire o\u00f9 le grotesque c\u00f4toie le lyrisme. Un spectacle familial de qualit\u00e9, une r\u00e9ussite !\u00a0\u00bb <strong>LA MARSEILLAISE<\/strong><\/li><\/ul>\n\n\n\n<h2 class=\"wp-block-heading\"><strong>Equipe :<\/strong><\/h2>\n\n\n\n<ul class=\"wp-block-list\"><li>Mise en sc\u00e8ne : Antoine Chalard<\/li><li>Avec : Antoine Chalard (Cristobal, Cansa-Almas, Les amis), Florent Malburet (Cocoliche, le laquais, Figaro), Manon Leroy ou Ombeline de la Teyssonni\u00e8re ou Fran\u00e7oise Guiol (Rosita, Mercedes, le tavernier), David Laborie ou Samuel Racine (Paquito, le p\u00e8re)<\/li><li>Assistante \u00e0 la mise en sc\u00e8ne : Ombeline de la Teyssonni\u00e8re<\/li><li>Sc\u00e9nographie et photos : Franck Vallet<\/li><li>Costumes : Sophie Ta\u00efs &#8211; Affiche : Mireille et Patrice Leroy<\/li><li>Cr\u00e9ation musicale : Germain Derobert <\/li><li>Cr\u00e9ation lumi\u00e8re : Aur\u00e9lien Amsellem<\/li><li>Masques et Marionnettes : Galina Molotov et Vladimir Kantor<\/li><\/ul>\n\n\n\n<h2 class=\"wp-block-heading\"><strong>Date de cr\u00e9ation :<\/strong><\/h2>\n\n\n\n<p>09 mai 2007<\/p>\n\n\n\n<h2 class=\"wp-block-heading\"><strong>Lieux de repr\u00e9sentations :<\/strong><\/h2>\n\n\n\n<ul class=\"wp-block-list\"><li>07 &#8211; Bourg Saint-Andeol : Foyer municipal<\/li><li>13 &#8211; Marseille : Espace Culturel Buisserine<\/li><li>13 &#8211; Gardanne : trois casinos cinema<\/li><li>13 &#8211; G\u00e9menos : Th\u00e9\u00e2tre de Verdure<\/li><li>25 &#8211; Montbeliard : Espace Jules Verne<\/li><li>35 &#8211; Saint-Malo : Th\u00e9\u00e2tre municipal<\/li><li>38 &#8211; Seyssins : Le prisme<\/li><li>42 &#8211; Montbrison : Th\u00e9\u00e2tre des p\u00e9nitents<\/li><li>45 &#8211; Orl\u00e9ans : Th\u00e9\u00e2tre G\u00e9rard Philippe<\/li><li>62 &#8211; Arques : Salle Balavoine<\/li><li>75 &#8211; Paris : Th\u00e9\u00e2tre Mouffetard<\/li><li>77 &#8211; Chelles : Centre culturel, Salle Albert Caillou<\/li><li>77 &#8211; Bailly-Romainvilliers : La Ferme Corsange<\/li><li>77 &#8211; Claye-Souilly : Espace Andr\u00e9 Malraux<\/li><li>78 &#8211; Montigny le Bretonneux : Cin\u00e9ma Jacques Brel<\/li><li>83 &#8211; Brignoles : Th\u00e9\u00e2tre municipal<\/li><li>84 &#8211; Avignon : Th\u00e9\u00e2tre de la Condition des Soies, Pr\u00e9sence Pasteur<\/li><li>92 &#8211; Rueil-Malmaison : Th\u00e9\u00e2tre Andr\u00e9 Malraux &nbsp; &nbsp; <\/li><li>95 &#8211; Cergy-Pontoise : Th\u00e9\u00e2tre 95<\/li><\/ul>\n\n\n\n<p><\/p>\n\n\n\n<ul class=\"wp-block-list\"><li>ILE DE LA REUNION : Festival Komidi \u00e0 Saint Joseph et Universit\u00e9 de Saint Denis<\/li><li>LIBAN &#8211; Beyrouth : Centre culturel fran\u00e7ais, Unesco et Th\u00e9\u00e2tre Al Madina<\/li><li>ESPAGNE &#8211; Fuentevaqueros : Festival international Lorca, &#8211; Grenade : Maison de France<\/li><li>MEXIQUE &#8211; M\u00e9xico : Teatro de la ciudad, Unam, Teatro Orientaci\u00f3n (Bellas Artes), Lyc\u00e9es franco-mexicain de Polanco et de Coyoacan, Alliances fran\u00e7aises de Polanco et de San Angel, Teatro Aria Teresa Montoya, Foro Ana Maria Hernandez &nbsp;&#8211; Quer\u00e9taro : Plaza de Armas &#8211; Salina Cruz : cinema Henry &#8211; Juchitan : Feria del libro &#8211; Echatepec : Universidad<\/li><\/ul>\n<\/div>\n\n\n\n<div class=\"wp-block-column is-layout-flow wp-block-column-is-layout-flow\">\n<figure class=\"wp-block-image\"><img decoding=\"async\" src=\"http:\/\/www.compagniedumidi.fr\/wp-content\/uploads\/2013\/05\/affiche-2.jpg\" alt=\"\" class=\"wp-image-303\" height=\"NaN\" srcset=\"https:\/\/www.compagniedumidi.fr\/wp-content\/uploads\/2013\/05\/affiche-2.jpg 591w, https:\/\/www.compagniedumidi.fr\/wp-content\/uploads\/2013\/05\/affiche-2-201x300.jpg 201w\" sizes=\"(max-width: 591px) 100vw, 591px\" \/><\/figure>\n\n\n\n<figure class=\"wp-block-image\"><img decoding=\"async\" src=\"http:\/\/www.compagniedumidi.fr\/wp-content\/uploads\/2013\/05\/photo-rosita-1b.jpg\" alt=\"\" class=\"wp-image-306\" height=\"NaN\" srcset=\"https:\/\/www.compagniedumidi.fr\/wp-content\/uploads\/2013\/05\/photo-rosita-1b.jpg 472w, https:\/\/www.compagniedumidi.fr\/wp-content\/uploads\/2013\/05\/photo-rosita-1b-225x300.jpg 225w\" sizes=\"(max-width: 472px) 100vw, 472px\" \/><\/figure>\n\n\n\n<figure class=\"wp-block-image\"><img decoding=\"async\" src=\"http:\/\/www.compagniedumidi.fr\/wp-content\/uploads\/2013\/05\/photo-rosita-2b.jpg\" alt=\"\" class=\"wp-image-308\" height=\"NaN\" srcset=\"https:\/\/www.compagniedumidi.fr\/wp-content\/uploads\/2013\/05\/photo-rosita-2b.jpg 591w, https:\/\/www.compagniedumidi.fr\/wp-content\/uploads\/2013\/05\/photo-rosita-2b-300x197.jpg 300w\" sizes=\"(max-width: 591px) 100vw, 591px\" \/><\/figure>\n\n\n\n<figure class=\"wp-block-image\"><img decoding=\"async\" src=\"http:\/\/www.compagniedumidi.fr\/wp-content\/uploads\/2013\/05\/photo-rosita-3b.jpg\" alt=\"\" class=\"wp-image-307\" height=\"NaN\" srcset=\"https:\/\/www.compagniedumidi.fr\/wp-content\/uploads\/2013\/05\/photo-rosita-3b.jpg 591w, https:\/\/www.compagniedumidi.fr\/wp-content\/uploads\/2013\/05\/photo-rosita-3b-300x221.jpg 300w\" sizes=\"(max-width: 591px) 100vw, 591px\" \/><\/figure>\n\n\n\n<figure class=\"wp-block-image\"><img decoding=\"async\" src=\"http:\/\/www.compagniedumidi.fr\/wp-content\/uploads\/2013\/05\/photo-rosita-4b.jpg\" alt=\"\" class=\"wp-image-311\" height=\"NaN\" srcset=\"https:\/\/www.compagniedumidi.fr\/wp-content\/uploads\/2013\/05\/photo-rosita-4b.jpg 591w, https:\/\/www.compagniedumidi.fr\/wp-content\/uploads\/2013\/05\/photo-rosita-4b-300x199.jpg 300w\" sizes=\"(max-width: 591px) 100vw, 591px\" \/><\/figure>\n\n\n\n<figure class=\"wp-block-image\"><img decoding=\"async\" src=\"http:\/\/www.compagniedumidi.fr\/wp-content\/uploads\/2013\/05\/photo-rosita-5b.jpg\" alt=\"\" class=\"wp-image-309\" height=\"NaN\" srcset=\"https:\/\/www.compagniedumidi.fr\/wp-content\/uploads\/2013\/05\/photo-rosita-5b.jpg 472w, https:\/\/www.compagniedumidi.fr\/wp-content\/uploads\/2013\/05\/photo-rosita-5b-227x300.jpg 227w\" sizes=\"(max-width: 472px) 100vw, 472px\" \/><\/figure>\n\n\n\n<figure class=\"wp-block-image\"><img decoding=\"async\" src=\"http:\/\/www.compagniedumidi.fr\/wp-content\/uploads\/2013\/05\/photo-rosita-6b.jpg\" alt=\"\" class=\"wp-image-312\" height=\"NaN\" srcset=\"https:\/\/www.compagniedumidi.fr\/wp-content\/uploads\/2013\/05\/photo-rosita-6b.jpg 591w, https:\/\/www.compagniedumidi.fr\/wp-content\/uploads\/2013\/05\/photo-rosita-6b-300x200.jpg 300w\" sizes=\"(max-width: 591px) 100vw, 591px\" \/><\/figure>\n\n\n\n<figure class=\"wp-block-image\"><img decoding=\"async\" src=\"http:\/\/www.compagniedumidi.fr\/wp-content\/uploads\/2013\/05\/photo-rosita-7b.jpg\" alt=\"\" class=\"wp-image-313\" height=\"NaN\" srcset=\"https:\/\/www.compagniedumidi.fr\/wp-content\/uploads\/2013\/05\/photo-rosita-7b.jpg 591w, https:\/\/www.compagniedumidi.fr\/wp-content\/uploads\/2013\/05\/photo-rosita-7b-300x267.jpg 300w\" sizes=\"(max-width: 591px) 100vw, 591px\" \/><\/figure>\n\n\n\n<figure class=\"wp-block-image\"><img decoding=\"async\" src=\"http:\/\/www.compagniedumidi.fr\/wp-content\/uploads\/2013\/05\/photo-rosita-8b.jpg\" alt=\"\" class=\"wp-image-314\" height=\"NaN\" srcset=\"https:\/\/www.compagniedumidi.fr\/wp-content\/uploads\/2013\/05\/photo-rosita-8b.jpg 472w, https:\/\/www.compagniedumidi.fr\/wp-content\/uploads\/2013\/05\/photo-rosita-8b-300x226.jpg 300w\" sizes=\"(max-width: 472px) 100vw, 472px\" \/><\/figure>\n\n\n\n<figure class=\"wp-block-image\"><img decoding=\"async\" src=\"http:\/\/www.compagniedumidi.fr\/wp-content\/uploads\/2013\/05\/photo-rosita-9b.jpg\" alt=\"\" class=\"wp-image-315\" height=\"NaN\" srcset=\"https:\/\/www.compagniedumidi.fr\/wp-content\/uploads\/2013\/05\/photo-rosita-9b.jpg 472w, https:\/\/www.compagniedumidi.fr\/wp-content\/uploads\/2013\/05\/photo-rosita-9b-197x300.jpg 197w\" sizes=\"(max-width: 472px) 100vw, 472px\" \/><\/figure>\n<\/div>\n<\/div>\n\n\n\n<h2 class=\"wp-block-heading\"><strong>T\u00e9l\u00e9charger le dossier des Noces de Rosita&nbsp;:&nbsp;<a href=\"http:\/\/www.compagniedumidi.fr\/?page_id=981\">cliquer ici&nbsp;<\/a><\/strong><\/h2>\n\n\n\n<h2 class=\"wp-block-heading\"><strong>T\u00e9l\u00e9charger la fiche technique des Noces de Rosita : <a href=\"http:\/\/www.compagniedumidi.fr\/pdf\/fiche_technique_rosita.pdf\">cliquer ici<\/a><\/strong><\/h2>\n\n\n<p><!--StartFragment--><\/p>\n<p><!--EndFragment--><\/p>","protected":false},"excerpt":{"rendered":"<p>de Federico Garcia Lorca Style : Com\u00e9die musicale tout public \u00e0 partir de 5 ans pour acteurs et marionnettes. Histoire : Il y a longtemps, en Andalousie, vivait Rosita, la plus belle et la meilleure chanteuse du village. Elle \u00e9tait &hellip; <a href=\"https:\/\/www.compagniedumidi.fr\/?page_id=49\">Continuer la lecture <span class=\"meta-nav\">&rarr;<\/span><\/a><\/p>\n","protected":false},"author":1,"featured_media":303,"parent":51,"menu_order":5,"comment_status":"closed","ping_status":"closed","template":"","meta":{"footnotes":""},"class_list":["post-49","page","type-page","status-publish","has-post-thumbnail","hentry"],"_links":{"self":[{"href":"https:\/\/www.compagniedumidi.fr\/index.php?rest_route=\/wp\/v2\/pages\/49","targetHints":{"allow":["GET"]}}],"collection":[{"href":"https:\/\/www.compagniedumidi.fr\/index.php?rest_route=\/wp\/v2\/pages"}],"about":[{"href":"https:\/\/www.compagniedumidi.fr\/index.php?rest_route=\/wp\/v2\/types\/page"}],"author":[{"embeddable":true,"href":"https:\/\/www.compagniedumidi.fr\/index.php?rest_route=\/wp\/v2\/users\/1"}],"replies":[{"embeddable":true,"href":"https:\/\/www.compagniedumidi.fr\/index.php?rest_route=%2Fwp%2Fv2%2Fcomments&post=49"}],"version-history":[{"count":22,"href":"https:\/\/www.compagniedumidi.fr\/index.php?rest_route=\/wp\/v2\/pages\/49\/revisions"}],"predecessor-version":[{"id":2166,"href":"https:\/\/www.compagniedumidi.fr\/index.php?rest_route=\/wp\/v2\/pages\/49\/revisions\/2166"}],"up":[{"embeddable":true,"href":"https:\/\/www.compagniedumidi.fr\/index.php?rest_route=\/wp\/v2\/pages\/51"}],"wp:featuredmedia":[{"embeddable":true,"href":"https:\/\/www.compagniedumidi.fr\/index.php?rest_route=\/wp\/v2\/media\/303"}],"wp:attachment":[{"href":"https:\/\/www.compagniedumidi.fr\/index.php?rest_route=%2Fwp%2Fv2%2Fmedia&parent=49"}],"curies":[{"name":"wp","href":"https:\/\/api.w.org\/{rel}","templated":true}]}}