{"id":51,"date":"2013-05-16T10:14:37","date_gmt":"2013-05-16T09:14:37","guid":{"rendered":"http:\/\/www.compagniedumidi.fr\/?page_id=51"},"modified":"2021-06-19T15:50:04","modified_gmt":"2021-06-19T14:50:04","slug":"spectacles-jeune-publicspectacle-jeune-publicspectacle-pour-enfantsspectacles-pour-enfantsspectacle-familialspectacles-familiaux","status":"publish","type":"page","link":"https:\/\/www.compagniedumidi.fr\/?page_id=51","title":{"rendered":"Spectacles Jeune Public"},"content":{"rendered":"\n<h1 class=\"has-text-align-center wp-block-heading\"><a href=\"https:\/\/www.compagniedumidi.fr\/?page_id=2153(ouvre un nouvel onglet)\">Elephant Man &#8211; Jeune Public<\/a><\/h1>\n\n\n<h1 style=\"text-align: center;\"><a href=\"http:\/\/www.compagniedumidi.fr\/?page_id=6\">Le Petit Violon<\/a><\/h1>\n<h1 style=\"text-align: center;\"><a href=\"http:\/\/www.compagniedumidi.fr\/?page_id=1454\">Charlie La Cousue<\/a><\/h1>\n<h1 style=\"text-align: center;\"><a title=\"Le Tour du Monde en 80 jours\" href=\"http:\/\/www.compagniedumidi.fr\/?page_id=734\">Le Tour du Monde en 80 Jours<\/a><\/h1>\n<h1 style=\"text-align: center;\"><a title=\"Les Noces de Rosita\" href=\"http:\/\/www.compagniedumidi.fr\/?page_id=49\">Les Noces de Rosita<\/a><\/h1>\n<h1 style=\"text-align: center;\">&nbsp;<a title=\"Cabaretto\" href=\"http:\/\/www.compagniedumidi.fr\/?page_id=55\">Cabaretto<\/a><\/h1>\n<h1 style=\"text-align: center;\"><a title=\"Sous le Lit\" href=\"http:\/\/www.compagniedumidi.fr\/?page_id=57\">Sous le Lit<\/a><\/h1>\n<h1 style=\"text-align: center;\"><a title=\"Petit Songe d\u2019une Nuit d\u2019Et\u00e9\" href=\"http:\/\/www.compagniedumidi.fr\/?page_id=59\">Petit Songe d&rsquo;une Nuit d&rsquo;Et\u00e9<\/a><\/h1>\n<h1 style=\"text-align: center;\"><a title=\"Le Prince et le Diamant des T\u00e9n\u00e8bres\" href=\"http:\/\/www.compagniedumidi.fr\/?page_id=61\">Le Prince et le Diamant des T\u00e9n\u00e8bres<\/a><\/h1>\n<p><span style=\"color: #ffffff;\">Spectacles Jeune Public<\/span><\/p>","protected":false},"excerpt":{"rendered":"<p>Elephant Man &#8211; Jeune Public Le Petit Violon Charlie La Cousue Le Tour du Monde en 80 Jours Les Noces de Rosita &nbsp;Cabaretto Sous le Lit Petit Songe d&rsquo;une Nuit d&rsquo;Et\u00e9 Le Prince et le Diamant des T\u00e9n\u00e8bres Spectacles Jeune &hellip; <a href=\"https:\/\/www.compagniedumidi.fr\/?page_id=51\">Continuer la lecture <span class=\"meta-nav\">&rarr;<\/span><\/a><\/p>\n","protected":false},"author":1,"featured_media":730,"parent":52,"menu_order":1,"comment_status":"closed","ping_status":"closed","template":"","meta":{"footnotes":""},"class_list":["post-51","page","type-page","status-publish","has-post-thumbnail","hentry"],"_links":{"self":[{"href":"https:\/\/www.compagniedumidi.fr\/index.php?rest_route=\/wp\/v2\/pages\/51","targetHints":{"allow":["GET"]}}],"collection":[{"href":"https:\/\/www.compagniedumidi.fr\/index.php?rest_route=\/wp\/v2\/pages"}],"about":[{"href":"https:\/\/www.compagniedumidi.fr\/index.php?rest_route=\/wp\/v2\/types\/page"}],"author":[{"embeddable":true,"href":"https:\/\/www.compagniedumidi.fr\/index.php?rest_route=\/wp\/v2\/users\/1"}],"replies":[{"embeddable":true,"href":"https:\/\/www.compagniedumidi.fr\/index.php?rest_route=%2Fwp%2Fv2%2Fcomments&post=51"}],"version-history":[{"count":13,"href":"https:\/\/www.compagniedumidi.fr\/index.php?rest_route=\/wp\/v2\/pages\/51\/revisions"}],"predecessor-version":[{"id":2211,"href":"https:\/\/www.compagniedumidi.fr\/index.php?rest_route=\/wp\/v2\/pages\/51\/revisions\/2211"}],"up":[{"embeddable":true,"href":"https:\/\/www.compagniedumidi.fr\/index.php?rest_route=\/wp\/v2\/pages\/52"}],"wp:featuredmedia":[{"embeddable":true,"href":"https:\/\/www.compagniedumidi.fr\/index.php?rest_route=\/wp\/v2\/media\/730"}],"wp:attachment":[{"href":"https:\/\/www.compagniedumidi.fr\/index.php?rest_route=%2Fwp%2Fv2%2Fmedia&parent=51"}],"curies":[{"name":"wp","href":"https:\/\/api.w.org\/{rel}","templated":true}]}}