{"id":55,"date":"2013-05-16T10:17:08","date_gmt":"2013-05-16T09:17:08","guid":{"rendered":"http:\/\/www.compagniedumidi.fr\/?page_id=55"},"modified":"2021-05-12T12:56:14","modified_gmt":"2021-05-12T11:56:14","slug":"cabarettotessonstephanie-tessonstephanie-tessoncabaret","status":"publish","type":"page","link":"https:\/\/www.compagniedumidi.fr\/?page_id=55","title":{"rendered":"Cabaretto"},"content":{"rendered":"<h1><span style=\"text-decoration: underline;\"><strong>de St\u00e9phanie Tesson<\/strong><\/span><\/h1>\n<p><iframe loading=\"lazy\" title=\"CABARETTO Bande-annonce\" width=\"640\" height=\"480\" src=\"https:\/\/www.youtube.com\/embed\/wIPW3c9u1Sg?feature=oembed\" frameborder=\"0\" allow=\"accelerometer; autoplay; clipboard-write; encrypted-media; gyroscope; picture-in-picture; web-share\" referrerpolicy=\"strict-origin-when-cross-origin\" allowfullscreen><\/iframe><\/p>\n\n\n<div class=\"wp-block-columns has-2-columns is-layout-flex wp-container-core-columns-is-layout-9d6595d7 wp-block-columns-is-layout-flex\">\n<div class=\"wp-block-column is-layout-flow wp-block-column-is-layout-flow\">\n<h2 class=\"wp-block-heading\"><strong>Style :<\/strong><\/h2>\n\n\n\n<p>Com\u00e9die musicale tout public \u00e0 partir de 5 ans<\/p>\n\n\n\n<h2 class=\"wp-block-heading\"><strong>Histoire :<\/strong><\/h2>\n\n\n\n<p>Au Cabaretto, c\u2019est l\u2019heure de la r\u00e9p\u00e9tition du grand num\u00e9ro de ce soir, mais les musiciens roupillent, Flamenca, \u00ab la dompteuse de poussi\u00e8re \u00bbn\u2019a d\u2019autre volont\u00e9 que de pourchasser Topoline la souris g\u00e9ante et Pipo et Pochette sont en retard, plus d\u00e9sireux de se d\u00e9clarer leur amour que de travailler.<br>Baraquetto, l\u2019odieux ma\u00eetre des lieux explose : On ne flirte pas ainsi avec sa fille adoptive ! Il finit sous des pr\u00e9textes fallacieux, par virer Pipo, au grand d\u00e9sespoir de Pochette.<br>Commencent alors de bien loufoques auditions qui nous feront d\u00e9couvrir Alta\u00efr Morsicus, morse en smoking et palmes, ancien t\u00e9nor du cirque vacomjtepousse, l\u2019\u00e2ne danseur de claquettes dont la t\u00eate a bien du mal \u00e0 se coordonner avec le corps, ou encore la Femme \u00e0 Barbe, Barbara la barbue\u2026<br>C\u2019est alors que d\u00e9barque au tout dernier moment le s\u00e9duisant Picpus, homme d\u2019apparence \u00e9trange, qui pourrait bien sauver le Cabaretto du d\u00e9sastre\u2026<br>Le texte est \u00e9dit\u00e9 aux \u00e9ditions du Bonhomme Vert<\/p>\n\n\n\n<h2 class=\"wp-block-heading\"><strong>Extraits de presse :<\/strong><\/h2>\n\n\n\n<ul class=\"wp-block-list\"><li>\u00ab\u00a0Dans ce conte musical mi-cirque mi-cabaret, les enfants sont ravis de trouver une f\u00e9erie \u00e0 leur mesure.\u00a0\u00bb <strong>L\u2019AVANT-SCENE THEATRE<\/strong><\/li><li>\u00ab\u00a0Des num\u00e9ros poilants, des larmes de joie !\u00a0\u00bb&nbsp; <strong>TELERAMA<\/strong><\/li><li>\u00ab\u00a0Finesse de l\u2019\u00e9criture, justesse de l\u2019interpr\u00e9tation, pr\u00e9cision de la mise en sc\u00e8ne : Un moment magique !\u00a0\u00bb&nbsp;<strong> FRANCE CULTURE<\/strong><\/li><li>\u00ab\u00a0Ca ressemble au bonheur.\u00a0\u00bb <strong>VAR MATIN<\/strong><\/li><li>\u00ab\u00a0Un spectacle distrayant, beau et sensible hautement recommand\u00e9 !\u00a0\u00bb <strong>THEATRE-ENFANTS.COM<\/strong><\/li><\/ul>\n\n\n\n<h2 class=\"wp-block-heading\"><strong>Equipe :<\/strong><\/h2>\n\n\n\n<ul class=\"wp-block-list\"><li>Mise en sc\u00e8ne : Antoine Chalard<\/li><li>Avec : Antoine Chalard (Baraquetto), Florent Malburet (Pipo, Morsicus, \u00e2ne 2, Frida), Fran\u00e7oise Guiol ou Julie Desmet (Pochette, \u00e2ne 1, femme \u00e0 barbe), Marie-Pierre P\u00e9rez ou Jacqueline Corado ou Caroline Pallares (Flamenca, Topoline)<\/li><li>Cr\u00e9ation lumi\u00e8re : Aur\u00e9lien Amsellem<\/li><li>Cr\u00e9ation musicale : Germain Derobert<\/li><li>Masques : Fr\u00e9d\u00e9ric Plancheneau<\/li><li>Photos : Franck Vallet <\/li><li>Affiche : Broo<\/li><\/ul>\n\n\n\n<h2 class=\"wp-block-heading\"><strong>Date de cr\u00e9ation :<\/strong><\/h2>\n\n\n\n<p>5 juillet 2002<\/p>\n\n\n\n<h2 class=\"wp-block-heading\"><strong>Lieux de repr\u00e9sentations :<\/strong><\/h2>\n\n\n\n<ul class=\"wp-block-list\"><li>13 &#8211; Marseille : Centre culturel Busserine<\/li><li>13 &#8211; Aubagne : Th\u00e9\u00e2tre Com\u00e9dia<\/li><li>13 &#8211; Saint Martin de crau : Espace le Galet<\/li><li>25 &#8211; Montbeliard : Th\u00e9\u00e2tre municipal<\/li><li>26 &#8211; Sain Paul les 3 ch\u00e2teaux : Th\u00e9\u00e2tre municipal<\/li><li>30 &#8211; Chamborigaud : Salle municipale<\/li><li>45 &#8211; Orl\u00e9ans : Th\u00e9\u00e2tre G\u00e9rard Philipe<\/li><li>57 &#8211; Metz : Salle Braun<\/li><li>57 &#8211; Sarreguemines : Th\u00e9\u00e2tre municipal<\/li><li>67 &#8211; Vendenheim : Espace culturel<\/li><li>67 &#8211; Niederbronn-les-bains : Relais culturel<\/li><li>67 &#8211; Wissembourg : Relais culturel<\/li><li>67 &#8211; Saverne : Espace Rohan<\/li><li>68 &#8211; Colmar : Th\u00e9\u00e2tre municipal<\/li><li>68 &#8211; Rixheim : La Passerelle<\/li><li>71 &#8211; Saint Marcel : Th\u00e9\u00e2tre municipal<\/li><li>75 &#8211; Paris : Espace Jemmapes, Espace Ch\u00e2teau-landon<\/li><li>77 &#8211; Chelles : Centre culturel<\/li><li>77 &#8211; Claye-Souilly : Espace Andr\u00e9 Malraux<\/li><li>78 &#8211; Montigny le Bretonneux : Cin\u00e9ma Jacques Brel<\/li><li>78 &#8211; Plaisir : Th\u00e9\u00e2tre Robert Manuel<\/li><li>78 &#8211; Les Mureaux : Th\u00e9\u00e2tre municipal<\/li><li>83 &#8211; Hy\u00e8res : Th\u00e9\u00e2tre Denis, Casino<\/li><li>83 &#8211; La Seyne sur mer : Chapiteau<\/li><li>84 &#8211; Avignon : Condition des Soies<\/li><li>91 &#8211; Verri\u00e8res-les-buisson : Th\u00e9\u00e2tre municipal<\/li><li>92 &#8211; Rueil-Malmaison : Th\u00e9\u00e2tre Andr\u00e9 Malraux<\/li><li>92 &#8211; Suresnes : Th\u00e9\u00e2tre Jean Vilar<\/li><li>92 &#8211; Neuilly sur seine : Th\u00e9\u00e2tre le Village<\/li><\/ul>\n\n\n\n<ul class=\"wp-block-list\"><li>ILE DE LA REUNION : Festival Komidi \u00e0 Saint Joseph<\/li><li>LIBAN &#8211; Beyrouth : Th\u00e9\u00e2tre Monot, Palais de l\u2019Unesco<\/li><li>MEXIQUE &#8211; Merida : Teatro Olimpio &#8211; Cozumel : Alliance fran\u00e7aise &#8211; Playa del carmen : Alliance fran\u00e7aise &#8211; Chetumal : Feria<\/li><\/ul>\n<\/div>\n\n\n\n<div class=\"wp-block-column is-layout-flow wp-block-column-is-layout-flow\">\n<figure class=\"wp-block-image\"><img decoding=\"async\" src=\"http:\/\/www.compagniedumidi.fr\/wp-content\/uploads\/2013\/05\/afficheb1.jpg\" alt=\"\" class=\"wp-image-332\" height=\"NaN\" srcset=\"https:\/\/www.compagniedumidi.fr\/wp-content\/uploads\/2013\/05\/afficheb1.jpg 591w, https:\/\/www.compagniedumidi.fr\/wp-content\/uploads\/2013\/05\/afficheb1-248x300.jpg 248w\" sizes=\"(max-width: 591px) 100vw, 591px\" \/><\/figure>\n\n\n\n<figure class=\"wp-block-image\"><img decoding=\"async\" src=\"http:\/\/www.compagniedumidi.fr\/wp-content\/uploads\/2013\/05\/photo-1b1.jpg\" alt=\"\" class=\"wp-image-333\" height=\"NaN\" srcset=\"https:\/\/www.compagniedumidi.fr\/wp-content\/uploads\/2013\/05\/photo-1b1.jpg 472w, https:\/\/www.compagniedumidi.fr\/wp-content\/uploads\/2013\/05\/photo-1b1-199x300.jpg 199w\" sizes=\"(max-width: 472px) 100vw, 472px\" \/><\/figure>\n\n\n\n<figure class=\"wp-block-image\"><img decoding=\"async\" src=\"http:\/\/www.compagniedumidi.fr\/wp-content\/uploads\/2013\/05\/photo-2b1-1024x744.jpg\" alt=\"\" class=\"wp-image-334\" height=\"NaN\" srcset=\"https:\/\/www.compagniedumidi.fr\/wp-content\/uploads\/2013\/05\/photo-2b1-1024x744.jpg 1024w, https:\/\/www.compagniedumidi.fr\/wp-content\/uploads\/2013\/05\/photo-2b1-300x218.jpg 300w, https:\/\/www.compagniedumidi.fr\/wp-content\/uploads\/2013\/05\/photo-2b1.jpg 1500w\" sizes=\"(max-width: 1024px) 100vw, 1024px\" \/><\/figure>\n\n\n\n<figure class=\"wp-block-image\"><img decoding=\"async\" src=\"http:\/\/www.compagniedumidi.fr\/wp-content\/uploads\/2013\/05\/photo-3b1.jpg\" alt=\"\" class=\"wp-image-335\" height=\"NaN\" srcset=\"https:\/\/www.compagniedumidi.fr\/wp-content\/uploads\/2013\/05\/photo-3b1.jpg 591w, https:\/\/www.compagniedumidi.fr\/wp-content\/uploads\/2013\/05\/photo-3b1-300x184.jpg 300w\" sizes=\"(max-width: 591px) 100vw, 591px\" \/><\/figure>\n\n\n\n<figure class=\"wp-block-image\"><img decoding=\"async\" src=\"http:\/\/www.compagniedumidi.fr\/wp-content\/uploads\/2013\/05\/photo-4b1.jpg\" alt=\"\" class=\"wp-image-336\" height=\"NaN\" srcset=\"https:\/\/www.compagniedumidi.fr\/wp-content\/uploads\/2013\/05\/photo-4b1.jpg 591w, https:\/\/www.compagniedumidi.fr\/wp-content\/uploads\/2013\/05\/photo-4b1-300x239.jpg 300w\" sizes=\"(max-width: 591px) 100vw, 591px\" \/><\/figure>\n\n\n\n<figure class=\"wp-block-image\"><img decoding=\"async\" src=\"http:\/\/www.compagniedumidi.fr\/wp-content\/uploads\/2013\/05\/photo-5b1.jpg\" alt=\"\" class=\"wp-image-337\" height=\"NaN\" srcset=\"https:\/\/www.compagniedumidi.fr\/wp-content\/uploads\/2013\/05\/photo-5b1.jpg 591w, https:\/\/www.compagniedumidi.fr\/wp-content\/uploads\/2013\/05\/photo-5b1-300x200.jpg 300w\" sizes=\"(max-width: 591px) 100vw, 591px\" \/><\/figure>\n\n\n\n<figure class=\"wp-block-image\"><img decoding=\"async\" src=\"http:\/\/www.compagniedumidi.fr\/wp-content\/uploads\/2013\/05\/photo-6b1-855x1024.jpg\" alt=\"\" class=\"wp-image-338\" height=\"NaN\" srcset=\"https:\/\/www.compagniedumidi.fr\/wp-content\/uploads\/2013\/05\/photo-6b1-855x1024.jpg 855w, https:\/\/www.compagniedumidi.fr\/wp-content\/uploads\/2013\/05\/photo-6b1-250x300.jpg 250w, https:\/\/www.compagniedumidi.fr\/wp-content\/uploads\/2013\/05\/photo-6b1.jpg 1200w\" sizes=\"(max-width: 855px) 100vw, 855px\" \/><\/figure>\n\n\n\n<figure class=\"wp-block-image\"><img decoding=\"async\" src=\"http:\/\/www.compagniedumidi.fr\/wp-content\/uploads\/2013\/05\/photo-7b1.jpg\" alt=\"\" class=\"wp-image-339\" height=\"NaN\" srcset=\"https:\/\/www.compagniedumidi.fr\/wp-content\/uploads\/2013\/05\/photo-7b1.jpg 591w, https:\/\/www.compagniedumidi.fr\/wp-content\/uploads\/2013\/05\/photo-7b1-300x199.jpg 300w\" sizes=\"(max-width: 591px) 100vw, 591px\" \/><\/figure>\n\n\n\n<figure class=\"wp-block-image\"><img decoding=\"async\" src=\"http:\/\/www.compagniedumidi.fr\/wp-content\/uploads\/2013\/05\/photo-8b1-1024x806.jpg\" alt=\"\" class=\"wp-image-340\" height=\"NaN\" srcset=\"https:\/\/www.compagniedumidi.fr\/wp-content\/uploads\/2013\/05\/photo-8b1-1024x806.jpg 1024w, https:\/\/www.compagniedumidi.fr\/wp-content\/uploads\/2013\/05\/photo-8b1-300x236.jpg 300w, https:\/\/www.compagniedumidi.fr\/wp-content\/uploads\/2013\/05\/photo-8b1.jpg 1500w\" sizes=\"(max-width: 1024px) 100vw, 1024px\" \/><\/figure>\n<\/div>\n<\/div>\n\n\n\n<h2 class=\"wp-block-heading\"><strong>T\u00e9l\u00e9charger le dossier de Cabaretto&nbsp;: <a href=\"http:\/\/www.compagniedumidi.fr\/?page_id=1016\">cliquer ici<\/a><br><\/strong><\/h2>\n\n\n\n<h2 class=\"wp-block-heading\"><strong>T\u00e9l\u00e9charger la fiche technique de Cabaretto : <a href=\"http:\/\/www.compagniedumidi.fr\/pdf\/fiche_technique_cabaretto.pdf\">cliquer ici<\/a><br><\/strong><\/h2>\n\n\n<p><!--StartFragment--><\/p>\n<p><!--EndFragment--><\/p>","protected":false},"excerpt":{"rendered":"<p>de St\u00e9phanie Tesson Style : Com\u00e9die musicale tout public \u00e0 partir de 5 ans Histoire : Au Cabaretto, c\u2019est l\u2019heure de la r\u00e9p\u00e9tition du grand num\u00e9ro de ce soir, mais les musiciens roupillent, Flamenca, \u00ab la dompteuse de poussi\u00e8re \u00bbn\u2019a &hellip; <a href=\"https:\/\/www.compagniedumidi.fr\/?page_id=55\">Continuer la lecture <span class=\"meta-nav\">&rarr;<\/span><\/a><\/p>\n","protected":false},"author":1,"featured_media":332,"parent":51,"menu_order":6,"comment_status":"closed","ping_status":"closed","template":"","meta":{"footnotes":""},"class_list":["post-55","page","type-page","status-publish","has-post-thumbnail","hentry"],"_links":{"self":[{"href":"https:\/\/www.compagniedumidi.fr\/index.php?rest_route=\/wp\/v2\/pages\/55","targetHints":{"allow":["GET"]}}],"collection":[{"href":"https:\/\/www.compagniedumidi.fr\/index.php?rest_route=\/wp\/v2\/pages"}],"about":[{"href":"https:\/\/www.compagniedumidi.fr\/index.php?rest_route=\/wp\/v2\/types\/page"}],"author":[{"embeddable":true,"href":"https:\/\/www.compagniedumidi.fr\/index.php?rest_route=\/wp\/v2\/users\/1"}],"replies":[{"embeddable":true,"href":"https:\/\/www.compagniedumidi.fr\/index.php?rest_route=%2Fwp%2Fv2%2Fcomments&post=55"}],"version-history":[{"count":15,"href":"https:\/\/www.compagniedumidi.fr\/index.php?rest_route=\/wp\/v2\/pages\/55\/revisions"}],"predecessor-version":[{"id":2167,"href":"https:\/\/www.compagniedumidi.fr\/index.php?rest_route=\/wp\/v2\/pages\/55\/revisions\/2167"}],"up":[{"embeddable":true,"href":"https:\/\/www.compagniedumidi.fr\/index.php?rest_route=\/wp\/v2\/pages\/51"}],"wp:featuredmedia":[{"embeddable":true,"href":"https:\/\/www.compagniedumidi.fr\/index.php?rest_route=\/wp\/v2\/media\/332"}],"wp:attachment":[{"href":"https:\/\/www.compagniedumidi.fr\/index.php?rest_route=%2Fwp%2Fv2%2Fmedia&parent=55"}],"curies":[{"name":"wp","href":"https:\/\/api.w.org\/{rel}","templated":true}]}}