{"id":6,"date":"2013-05-15T15:30:38","date_gmt":"2013-05-15T14:30:38","guid":{"rendered":"http:\/\/www.compagniedumidi.fr\/?page_id=6"},"modified":"2021-05-12T12:54:06","modified_gmt":"2021-05-12T11:54:06","slug":"le-petit-violonpetit-violongrumbergjc-grumbergjean-claude-grumbergprix-du-offteleramateleramafrance-culturefestival-davignonoff2013conte","status":"publish","type":"page","link":"https:\/\/www.compagniedumidi.fr\/?page_id=6","title":{"rendered":"Le Petit Violon"},"content":{"rendered":"<h1 style=\"text-align: left;\"><span style=\"text-decoration: underline;\"><strong>de Jean-Claude Grumberg<\/strong><\/span><\/h1>\n<p><iframe loading=\"lazy\" title=\"#OFF17 : Le petit violon\" width=\"640\" height=\"360\" src=\"https:\/\/www.youtube.com\/embed\/H_IBs7WD81I?feature=oembed\" frameborder=\"0\" allow=\"accelerometer; autoplay; clipboard-write; encrypted-media; gyroscope; picture-in-picture; web-share\" referrerpolicy=\"strict-origin-when-cross-origin\" allowfullscreen><\/iframe><\/p>\n\n\n<div class=\"wp-block-columns has-2-columns is-layout-flex wp-container-core-columns-is-layout-9d6595d7 wp-block-columns-is-layout-flex\">\n<div class=\"wp-block-column is-layout-flow wp-block-column-is-layout-flow\">\n<h2 class=\"wp-block-heading\"><strong>Style : <\/strong><\/h2>\n\n\n\n<p>Th\u00e9\u00e2tre tout public \u00e0 partir de 5 ans<\/p>\n\n\n\n<h2 class=\"wp-block-heading\"><strong>Histoire :<\/strong><\/h2>\n\n\n\n<p>L\u00e9o le camelot d\u00e9tient le secret du bonheur et le d\u00e9voile au plus grand g\u00e9ant du monde. Ensemble, ils vont arracher la petite Sarah sourde et muette aux griffes du directeur du cirque Univers qui la martyrise.&nbsp; A l&rsquo;aide de quelques dessins, de son petit violon et de beaucoup d&rsquo;amour, L\u00e9o entreprend d&rsquo;apprivoiser \u00ab\u00a0l&rsquo;enfant sauvage\u00a0\u00bb&#8230;<br>C\u2019est le point de d\u00e9part d\u2019une aventure humaine aussi dr\u00f4le que po\u00e9tique, un voyage \u00e0 travers l\u2019univers du cirque et des march\u00e9s d\u2019antan. C\u2019est l\u2019histoire de Sarah, enfant sourde et muette aux talents multiples et fascinants.<br>D\u2019apr\u00e8s un conte de Charles Dickens. Spectacle soutenu par le Conseil G\u00e9n\u00e9ral 77.&nbsp; Prix du Festival d&rsquo;Avignon off.<br>Le texte est \u00e9dit\u00e9 aux \u00e9ditions Acte Sud Junior<\/p>\n\n\n\n<h2 class=\"wp-block-heading\"><strong>Extraits de presse :<\/strong><\/h2>\n\n\n\n<ul class=\"wp-block-list\"><li>\u00ab\u00a0Un tr\u00e8s beau spectacle, une histoire qui parle aux enfants comme aux grands. C&rsquo;est magnifique, magnifique de pudeur.\u00a0\u00bb <strong>FRANCE CULTURE<\/strong><\/li><li>\u00ab\u00a0Emouvant et joyeux !\u00a0\u00bb <strong>TELERAMA<\/strong><\/li><li>\u00ab\u00a0Tout en apportant une r\u00e9flexion sur la diff\u00e9rence, la solitude et le handicap, ce spectacle est un condens\u00e9 d&rsquo;acrobaties, de th\u00e9\u00e2tre et de musique. A la fois tendre et merveilleux, il fera le bonheur des petits comme des grands.\u00a0\u00bb <strong>LE PARISIEN<\/strong><\/li><li>\u00ab\u00a0Coup de coeur du Festival Komidi !\u00a0\u00bb <strong>LE QUOTIDIEN DE LA REUNION<\/strong><\/li><\/ul>\n\n\n\n<h2 class=\"wp-block-heading\"><strong>Equipe :<\/strong><\/h2>\n\n\n\n<ul class=\"wp-block-list\"><li>Mise en sc\u00e8ne : Antoine Chalard<\/li><li>Avec : Antoine chalard, Florent Malburet, et en alternance Elodie de Bosmelet et Ombeline de la Teyssonni\u00e8re<\/li><li>Sc\u00e9nographie : Emmanuel Briand <\/li><li> Costumes : Sophie Ta\u00efs<\/li><li>Cr\u00e9ation lumi\u00e8re : Aur\u00e9lien Amsellem <\/li><li>Accessoirisation : Florent Malburet<\/li><li>Masques : Galina Molotov <\/li><li>Affiche : Z\u00e9lie Paulino<\/li><\/ul>\n\n\n\n<h2 class=\"wp-block-heading\"><strong>Lieux de repr\u00e9sentations :<\/strong><\/h2>\n\n\n\n<ul class=\"wp-block-list\"><li>03 &#8211; Bellerive sur Allier : Le geyser<\/li><li>07 &#8211; Tournon sur Rh\u00f4ne : Th\u00e9\u00e2tre municipal &nbsp; <\/li><li>11 &#8211; Montolieu : Th\u00e9\u00e2tre<\/li><li>13 &#8211; Marseille : Espace culturel Busserine<\/li><li>13 &#8211; Gardanne : Les trois casinos cin\u00e9ma<\/li><li>30 &#8211; Bagnols-sur-c\u00e8ze : Centre culturel L\u00e9o-Lagrange<\/li><li>35 &#8211; Saint Malo : Th\u00e9\u00e2tre municipal<\/li><li>42 &#8211; Roanne : Th\u00e9\u00e2tre municipal &nbsp;<\/li><li>65 &#8211; Tarbes : Th\u00e9\u00e2tre des Nouveaut\u00e9s<\/li><li>71 &#8211; Saint Marcel : Th\u00e9\u00e2tre municipal<\/li><li>72 &#8211; La Fl\u00e8che : Espace Pierre Mend\u00e8s-France<\/li><li>72 &#8211; Le Mans : Salle des concerts<\/li><li>75 &#8211; Paris : Salle Gaveau<\/li><li>77 &#8211; Chelles : Centre culturel<\/li><li>77 &#8211; Claye-Souilly : Espace Andr\u00e9 Malraux<\/li><li>77 &#8211; Meaux : Th\u00e9\u00e2tre du Luxembourg<\/li><li>77 &nbsp;&#8211; Servon : Salle des colones <\/li><li>77 &#8211; Cesson : Th\u00e9\u00e2tre municipal&nbsp; &nbsp; <\/li><li>78 &#8211; Montigny le Bretonneux : Cin\u00e9ma Jacques Brel &nbsp;<\/li><li>78 &#8211; Poissy : Th\u00e9\u00e2tre Moli\u00e8re &nbsp; &nbsp;&nbsp;<\/li><li>78 &#8211; Saint-Germain-en-Laye : Th\u00e9\u00e2tre Alexandre Dumas &nbsp;  <\/li><li>78 &#8211; Le Chesnay : Th\u00e9\u00e2tre municipal &nbsp; <\/li><li>78 &#8211; Plaisir : Espace Coluche &nbsp; <\/li><li>84 &#8211; Avignon : Pr\u00e9sence Pasteur, Th\u00e9\u00e2tre de l\u2019Aliz\u00e9 &nbsp; &nbsp; &nbsp; <\/li><li>91 &#8211; Brunoy : Th\u00e9\u00e2tre de la vall\u00e9e d&rsquo;Yerres<\/li><li>92 &#8211; Rueil-Malmaison : Th\u00e9\u00e2tre Andr\u00e9 Malraux<\/li><li>92 &#8211; Neuilly sur seine : Th\u00e9\u00e2tre le Village<\/li><li>94 &#8211; Saint Maur des foss\u00e9s : Th\u00e9\u00e2tre municipal<\/li><li>94 &#8211; Villeneuve Saint George : Th\u00e9\u00e2tre municipal <\/li><li>95 &#8211; Cergy-Pontoise : Th\u00e9\u00e2tre 95<\/li><\/ul>\n\n\n\n<ul class=\"wp-block-list\"><li>ILE DE LA REUNION : Festival Komidi \u00e0 Saint Joseph<\/li><\/ul>\n\n\n\n<ul class=\"wp-block-list\"><li>GUYANE : Cayenne &#8211; Th\u00e9\u00e2tre des 3 fleuves, Courou &#8211; P\u00f4le culturel, Mana &#8211; Salle polyvalente, Awala &#8211; Salle municipale, Regina &#8211; Th\u00e9\u00e2tre de la Scierie, Matoury &#8211; Salle municipale<\/li><\/ul>\n\n\n\n<ul class=\"wp-block-list\"><li>LIBAN &#8211; Beyrouth : Th\u00e9\u00e2tre Monot, Palais de l\u2019Unesco<\/li><\/ul>\n\n\n\n<ul class=\"wp-block-list\"><li>SINGAPOUR : Lyc\u00e9e Fran\u00e7ais<\/li><\/ul>\n<\/div>\n\n\n\n<div class=\"wp-block-column is-layout-flow wp-block-column-is-layout-flow\">\n<figure class=\"wp-block-image size-large\"><img decoding=\"async\" src=\"https:\/\/www.compagniedumidi.fr\/wp-content\/uploads\/2020\/11\/recto-tract-imp-1-726x1024.jpg\" alt=\"\" class=\"wp-image-2149\" width=\"NaN\" height=\"NaN\" srcset=\"https:\/\/www.compagniedumidi.fr\/wp-content\/uploads\/2020\/11\/recto-tract-imp-1-726x1024.jpg 726w, https:\/\/www.compagniedumidi.fr\/wp-content\/uploads\/2020\/11\/recto-tract-imp-1-213x300.jpg 213w, https:\/\/www.compagniedumidi.fr\/wp-content\/uploads\/2020\/11\/recto-tract-imp-1-768x1083.jpg 768w, https:\/\/www.compagniedumidi.fr\/wp-content\/uploads\/2020\/11\/recto-tract-imp-1-1090x1536.jpg 1090w, https:\/\/www.compagniedumidi.fr\/wp-content\/uploads\/2020\/11\/recto-tract-imp-1.jpg 1240w\" sizes=\"(max-width: 726px) 100vw, 726px\" \/><\/figure>\n\n\n\n<figure class=\"wp-block-image\"><img decoding=\"async\" src=\"http:\/\/www.compagniedumidi.fr\/wp-content\/uploads\/2013\/05\/photo-13.jpg\" alt=\"\" class=\"wp-image-1671\" width=\"NaN\" height=\"NaN\" srcset=\"https:\/\/www.compagniedumidi.fr\/wp-content\/uploads\/2013\/05\/photo-13.jpg 591w, https:\/\/www.compagniedumidi.fr\/wp-content\/uploads\/2013\/05\/photo-13-300x178.jpg 300w\" sizes=\"(max-width: 591px) 100vw, 591px\" \/><\/figure>\n\n\n\n<figure class=\"wp-block-image\"><img decoding=\"async\" src=\"http:\/\/www.compagniedumidi.fr\/wp-content\/uploads\/2013\/05\/photo-33.jpg\" alt=\"\" class=\"wp-image-1675\" width=\"NaN\" height=\"NaN\" srcset=\"https:\/\/www.compagniedumidi.fr\/wp-content\/uploads\/2013\/05\/photo-33.jpg 591w, https:\/\/www.compagniedumidi.fr\/wp-content\/uploads\/2013\/05\/photo-33-300x190.jpg 300w\" sizes=\"(max-width: 591px) 100vw, 591px\" \/><\/figure>\n\n\n\n<figure class=\"wp-block-image\"><img decoding=\"async\" src=\"http:\/\/www.compagniedumidi.fr\/wp-content\/uploads\/2013\/05\/photo-7-1.jpg\" alt=\"\" class=\"wp-image-1673\" width=\"NaN\" height=\"NaN\" srcset=\"https:\/\/www.compagniedumidi.fr\/wp-content\/uploads\/2013\/05\/photo-7-1.jpg 472w, https:\/\/www.compagniedumidi.fr\/wp-content\/uploads\/2013\/05\/photo-7-1-236x300.jpg 236w\" sizes=\"(max-width: 472px) 100vw, 472px\" \/><\/figure>\n\n\n\n<figure class=\"wp-block-image\"><img decoding=\"async\" src=\"http:\/\/www.compagniedumidi.fr\/wp-content\/uploads\/2013\/05\/photo-21-1.jpg\" alt=\"\" class=\"wp-image-1674\" width=\"NaN\" height=\"NaN\" srcset=\"https:\/\/www.compagniedumidi.fr\/wp-content\/uploads\/2013\/05\/photo-21-1.jpg 472w, https:\/\/www.compagniedumidi.fr\/wp-content\/uploads\/2013\/05\/photo-21-1-173x300.jpg 173w\" sizes=\"(max-width: 472px) 100vw, 472px\" \/><\/figure>\n\n\n\n<figure class=\"wp-block-image\"><img decoding=\"async\" src=\"http:\/\/www.compagniedumidi.fr\/wp-content\/uploads\/2013\/05\/photo-17.jpg\" alt=\"\" class=\"wp-image-1672\" width=\"NaN\" height=\"NaN\" srcset=\"https:\/\/www.compagniedumidi.fr\/wp-content\/uploads\/2013\/05\/photo-17.jpg 591w, https:\/\/www.compagniedumidi.fr\/wp-content\/uploads\/2013\/05\/photo-17-300x235.jpg 300w\" sizes=\"(max-width: 591px) 100vw, 591px\" \/><\/figure>\n\n\n\n<figure class=\"wp-block-image\"><img decoding=\"async\" src=\"http:\/\/www.compagniedumidi.fr\/wp-content\/uploads\/2013\/05\/photo-23.jpg\" alt=\"\" class=\"wp-image-1676\" width=\"NaN\" height=\"NaN\" srcset=\"https:\/\/www.compagniedumidi.fr\/wp-content\/uploads\/2013\/05\/photo-23.jpg 591w, https:\/\/www.compagniedumidi.fr\/wp-content\/uploads\/2013\/05\/photo-23-300x221.jpg 300w\" sizes=\"(max-width: 591px) 100vw, 591px\" \/><\/figure>\n\n\n\n<figure class=\"wp-block-image\"><img decoding=\"async\" src=\"http:\/\/www.compagniedumidi.fr\/wp-content\/uploads\/2013\/05\/photo-27.jpg\" alt=\"\" class=\"wp-image-1677\" width=\"NaN\" height=\"NaN\" srcset=\"https:\/\/www.compagniedumidi.fr\/wp-content\/uploads\/2013\/05\/photo-27.jpg 472w, https:\/\/www.compagniedumidi.fr\/wp-content\/uploads\/2013\/05\/photo-27-232x300.jpg 232w\" sizes=\"(max-width: 472px) 100vw, 472px\" \/><\/figure>\n\n\n\n<figure class=\"wp-block-image\"><img decoding=\"async\" src=\"http:\/\/www.compagniedumidi.fr\/wp-content\/uploads\/2013\/05\/photo-2b.jpg\" alt=\"\" class=\"wp-image-324\" width=\"NaN\" height=\"NaN\" srcset=\"https:\/\/www.compagniedumidi.fr\/wp-content\/uploads\/2013\/05\/photo-2b.jpg 591w, https:\/\/www.compagniedumidi.fr\/wp-content\/uploads\/2013\/05\/photo-2b-300x228.jpg 300w\" sizes=\"(max-width: 591px) 100vw, 591px\" \/><\/figure>\n\n\n\n<figure class=\"wp-block-image\"><img decoding=\"async\" src=\"http:\/\/www.compagniedumidi.fr\/wp-content\/uploads\/2013\/05\/photo-6b.jpg\" alt=\"\" class=\"wp-image-328\" width=\"NaN\" height=\"NaN\" srcset=\"https:\/\/www.compagniedumidi.fr\/wp-content\/uploads\/2013\/05\/photo-6b.jpg 591w, https:\/\/www.compagniedumidi.fr\/wp-content\/uploads\/2013\/05\/photo-6b-300x200.jpg 300w\" sizes=\"(max-width: 591px) 100vw, 591px\" \/><\/figure>\n<\/div>\n<\/div>\n\n\n\n<h2 class=\"wp-block-heading\" id=\"mce_23\"><strong>T\u00e9l\u00e9charger la fiche technique du Petit Violon : <a href=\"http:\/\/www.compagniedumidi.fr\/pdf\/fiche_technique_petit_violon.pdf\">cliquer ici\ufeff<\/a><\/strong><\/h2>\n\n\n\n<h2 class=\"wp-block-heading\" id=\"mce_18\"><strong>T\u00e9l\u00e9charger le dossier du Petit Violon : <a href=\"http:\/\/www.compagniedumidi.fr\/?page_id=968\">cliquer ici\ufeff<\/a><\/strong><\/h2>\n","protected":false},"excerpt":{"rendered":"<p>de Jean-Claude Grumberg Style : Th\u00e9\u00e2tre tout public \u00e0 partir de 5 ans Histoire : L\u00e9o le camelot d\u00e9tient le secret du bonheur et le d\u00e9voile au plus grand g\u00e9ant du monde. Ensemble, ils vont arracher la petite Sarah sourde &hellip; <a href=\"https:\/\/www.compagniedumidi.fr\/?page_id=6\">Continuer la lecture <span class=\"meta-nav\">&rarr;<\/span><\/a><\/p>\n","protected":false},"author":1,"featured_media":322,"parent":51,"menu_order":2,"comment_status":"closed","ping_status":"closed","template":"","meta":{"footnotes":""},"class_list":["post-6","page","type-page","status-publish","has-post-thumbnail","hentry"],"_links":{"self":[{"href":"https:\/\/www.compagniedumidi.fr\/index.php?rest_route=\/wp\/v2\/pages\/6","targetHints":{"allow":["GET"]}}],"collection":[{"href":"https:\/\/www.compagniedumidi.fr\/index.php?rest_route=\/wp\/v2\/pages"}],"about":[{"href":"https:\/\/www.compagniedumidi.fr\/index.php?rest_route=\/wp\/v2\/types\/page"}],"author":[{"embeddable":true,"href":"https:\/\/www.compagniedumidi.fr\/index.php?rest_route=\/wp\/v2\/users\/1"}],"replies":[{"embeddable":true,"href":"https:\/\/www.compagniedumidi.fr\/index.php?rest_route=%2Fwp%2Fv2%2Fcomments&post=6"}],"version-history":[{"count":86,"href":"https:\/\/www.compagniedumidi.fr\/index.php?rest_route=\/wp\/v2\/pages\/6\/revisions"}],"predecessor-version":[{"id":2163,"href":"https:\/\/www.compagniedumidi.fr\/index.php?rest_route=\/wp\/v2\/pages\/6\/revisions\/2163"}],"up":[{"embeddable":true,"href":"https:\/\/www.compagniedumidi.fr\/index.php?rest_route=\/wp\/v2\/pages\/51"}],"wp:featuredmedia":[{"embeddable":true,"href":"https:\/\/www.compagniedumidi.fr\/index.php?rest_route=\/wp\/v2\/media\/322"}],"wp:attachment":[{"href":"https:\/\/www.compagniedumidi.fr\/index.php?rest_route=%2Fwp%2Fv2%2Fmedia&parent=6"}],"curies":[{"name":"wp","href":"https:\/\/api.w.org\/{rel}","templated":true}]}}