{"id":658,"date":"2013-06-17T10:45:56","date_gmt":"2013-06-17T09:45:56","guid":{"rendered":"http:\/\/www.compagniedumidi.fr\/?page_id=658"},"modified":"2014-02-11T14:14:03","modified_gmt":"2014-02-11T13:14:03","slug":"ateliers-daction-sociale","status":"publish","type":"page","link":"https:\/\/www.compagniedumidi.fr\/?page_id=658","title":{"rendered":"Ateliers d&rsquo;Action Sociale"},"content":{"rendered":"<p>&#8211; Ateliers d&rsquo;Action Sociale en partenariat avec EMMAUS :<\/p>\n<div>L&rsquo;id\u00e9e est venue \u00e0 Ombeline de La Teyssonni\u00e8re, com\u00e9dienne et assistante \u00e0 la mise en sc\u00e8ne sur les cinq derni\u00e8res cr\u00e9ations de la Compagnie, de trouver une coh\u00e9rence entre l&rsquo;engagement social de la troupe et son d\u00e9sir de cr\u00e9er une passerelle culturelle entre artistes et gens de la rue.<\/div>\n<div>Forte de ce d\u00e9sir de rendre le th\u00e9\u00e2tre indispensable l\u00e0 o\u00f9 cet art semblerait superflu voire \u00ab\u00a0d\u00e9plac\u00e9\u00a0\u00bb, elle propose \u00e0\u00a0 partir de\u00a0 novembre 2013 \u00e0 l&rsquo;ESI Agora, centre d\u2019accueil de jour de l\u2019association Emma\u00fcs (en plein c\u0153ur de Paris) un atelier d\u2019accompagnement au th\u00e9\u00e2tre. L\u2019objectif est de faire appr\u00e9cier aux participants leurs propres possibilit\u00e9s d\u2019expression, les remettre dans une dynamique d\u2019\u00e9change collectif et de valorisation de soi.<\/div>\n<div>Dans le cadre de cet atelier, de nombreuses sorties au th\u00e9\u00e2tre sont propos\u00e9es.<\/div>\n<div>\n<div><\/div>\n<div><b>L\u2019INTERVENANTE<\/b><\/div>\n<div>Apr\u00e8s deux premiers prix au conservatoire de Versailles, Ombeline poursuit sa formation de com\u00e9dienne \u00e0 l\u2019Ecole Claude Mathieu, o\u00f9 elle d\u00e9veloppe le travail autour du jeu, aussi bien que celui du chant.<\/div>\n<div><span style=\"text-decoration: underline;\">La plus belle Histoire<\/span>, spectacle chant\u00e9 autour de Barbara, tourne pendant plus de deux ans, et marque d\u00e9j\u00e0 son go\u00fbt pour les aventures de troupes. Elle poursuit ainsi avec le Th\u00e9\u00e2tre du Fracas qui, avec <span style=\"text-decoration: underline;\">Les Errants<\/span>, se prom\u00e8ne entre\u00a0 Paris, Avignon et Istanbul. Le th\u00e9\u00e2tre rejoint enfin sa passion des voyages, et ses d\u00e9parts r\u00e9p\u00e9t\u00e9s en Asie notamment, sont l\u2019occasion de cr\u00e9ations musicales et th\u00e9\u00e2trales nombreuses. D\u00e8s 2005, Ombeline se lance dans le th\u00e9\u00e2tre jeune public, avec <span style=\"text-decoration: underline;\">Alice<\/span>, et elle en profite pour animer des cours pour adolescents, avec mime et cr\u00e9ation de courts-m\u00e9trages.<\/div>\n<div>Elle joue \u00e9galement dans de nombreux courts-m\u00e9trages depuis 2003, sous la direction de Sol\u00e8ne Diez, Alexandre Beaudet, Mathieu Allart et Mathieu Bouvard, et dans les longs-m\u00e9trages de Sofia Coppola et Pascal Chaumeil.<\/div>\n<div>Le travail de voix la fascine \u00e9norm\u00e9ment et elle navigue entre voix off de documentaires et interventions sur France Cultures dans diverses fictions radiophoniques.<\/div>\n<div>La rencontre avec Antoine Chalard et la Compagnie du Midi se fait en d\u00e9cembre 2006. Elle devient alors un \u00e9l\u00e9ment moteur de la Compagnie du Midi, puisque, passionn\u00e9e par la direction d\u2019acteurs, elle y assume le r\u00f4le d\u2019assistante \u00e0 la mise en sc\u00e8ne sur l\u2019ensemble des cr\u00e9ations.<\/div>\n<div>En tant que com\u00e9dienne, elle reprend les r\u00f4les de Rosette dans\u00a0 <span style=\"text-decoration: underline;\">Le Petit Songe d\u2019Une Nuit d\u2019\u00e9t\u00e9<\/span>,\u00a0 Rosita dans <span style=\"text-decoration: underline;\">Les Noces de Rosita<\/span> et participe \u00e0 la cr\u00e9ation de <span style=\"text-decoration: underline;\">Grand\u2019Peur et Mis\u00e8res\u2026 <\/span>de Brecht, ainsi qu\u2019\u00e0 celle du <span style=\"text-decoration: underline;\">Petit Violon<\/span>, de Jean-Claude Grumberg.<\/div>\n<\/div>\n<p>Lire le blog des ateliers : <a href=\"http:\/\/residenceemmaus2013.unblog.fr\/2013\/\">http:\/\/residenceemmaus2013.unblog.fr\/2013\/<\/a><\/p>\n","protected":false},"excerpt":{"rendered":"<p>&#8211; Ateliers d&rsquo;Action Sociale en partenariat avec EMMAUS : L&rsquo;id\u00e9e est venue \u00e0 Ombeline de La Teyssonni\u00e8re, com\u00e9dienne et assistante \u00e0 la mise en sc\u00e8ne sur les cinq derni\u00e8res cr\u00e9ations de la Compagnie, de trouver une coh\u00e9rence entre l&rsquo;engagement social &hellip; <a href=\"https:\/\/www.compagniedumidi.fr\/?page_id=658\">Continuer la lecture <span class=\"meta-nav\">&rarr;<\/span><\/a><\/p>\n","protected":false},"author":1,"featured_media":0,"parent":100,"menu_order":3,"comment_status":"closed","ping_status":"closed","template":"","meta":{"footnotes":""},"class_list":["post-658","page","type-page","status-publish","hentry"],"_links":{"self":[{"href":"https:\/\/www.compagniedumidi.fr\/index.php?rest_route=\/wp\/v2\/pages\/658","targetHints":{"allow":["GET"]}}],"collection":[{"href":"https:\/\/www.compagniedumidi.fr\/index.php?rest_route=\/wp\/v2\/pages"}],"about":[{"href":"https:\/\/www.compagniedumidi.fr\/index.php?rest_route=\/wp\/v2\/types\/page"}],"author":[{"embeddable":true,"href":"https:\/\/www.compagniedumidi.fr\/index.php?rest_route=\/wp\/v2\/users\/1"}],"replies":[{"embeddable":true,"href":"https:\/\/www.compagniedumidi.fr\/index.php?rest_route=%2Fwp%2Fv2%2Fcomments&post=658"}],"version-history":[{"count":10,"href":"https:\/\/www.compagniedumidi.fr\/index.php?rest_route=\/wp\/v2\/pages\/658\/revisions"}],"predecessor-version":[{"id":2084,"href":"https:\/\/www.compagniedumidi.fr\/index.php?rest_route=\/wp\/v2\/pages\/658\/revisions\/2084"}],"up":[{"embeddable":true,"href":"https:\/\/www.compagniedumidi.fr\/index.php?rest_route=\/wp\/v2\/pages\/100"}],"wp:attachment":[{"href":"https:\/\/www.compagniedumidi.fr\/index.php?rest_route=%2Fwp%2Fv2%2Fmedia&parent=658"}],"curies":[{"name":"wp","href":"https:\/\/api.w.org\/{rel}","templated":true}]}}