{"id":69,"date":"2013-05-16T10:20:32","date_gmt":"2013-05-16T09:20:32","guid":{"rendered":"http:\/\/www.compagniedumidi.fr\/?page_id=69"},"modified":"2020-09-10T06:47:30","modified_gmt":"2020-09-10T05:47:30","slug":"cour-nordchoplinantoine-choplinfestival-davignonoff2013teleramateleramaprix-france-television-2012prix-france-televisionprix-france-television-2012prix-france-television","status":"publish","type":"page","link":"https:\/\/www.compagniedumidi.fr\/?page_id=69","title":{"rendered":"Cour Nord"},"content":{"rendered":"<h1><strong>d&rsquo;Antoine Choplin <\/strong><\/h1>\n<h1><strong>Adaptation : Antoine Chalard <\/strong><\/h1>\n<p><iframe loading=\"lazy\" title=\"Cour Nord d&#039;Antoine CHOPLIN par le Th\u00e9\u00e2tre du Midi\" width=\"640\" height=\"360\" src=\"https:\/\/www.youtube.com\/embed\/0YeAfHx2vYQ?feature=oembed\" frameborder=\"0\" allow=\"accelerometer; autoplay; clipboard-write; encrypted-media; gyroscope; picture-in-picture; web-share\" referrerpolicy=\"strict-origin-when-cross-origin\" allowfullscreen><\/iframe><\/p>\n\n\n<div class=\"wp-block-columns has-2-columns is-layout-flex wp-container-core-columns-is-layout-9d6595d7 wp-block-columns-is-layout-flex\">\n<div class=\"wp-block-column is-layout-flow wp-block-column-is-layout-flow\">\n<h2 class=\"wp-block-heading\"><strong>Style : <\/strong><\/h2>\n\n\n\n<p>Adaptation th\u00e9\u00e2trale du roman du m\u00eame nom.<\/p>\n\n\n\n<h2 class=\"wp-block-heading\"><strong>Histoire :<\/strong><\/h2>\n\n\n\n<p>Dans la cour nord de l\u2019usine en gr\u00e8ve, Gildas r\u00eave de victoire ouvri\u00e8re. Avec ses proches, il organise&nbsp; la r\u00e9sistance pour la dignit\u00e9. Son fils L\u00e9o, lui, r\u00eave de Jazz. Apr\u00e8s trente ans de pluie, Ahmed r\u00eave de soleil et Nadine d\u2019oiseaux en libert\u00e9. Quand l\u2019usine s\u2019enflamme, les rapports se tendent . Alors le jazz prend vie et raisonne comme un hymne \u00e0 la joie et \u00e0 la libert\u00e9\u2026<br>Un spectacle \u00e0 3 com\u00e9diens pour 12 personnages, qui avec po\u00e9sie et d\u00e9licatesse offre un regard neuf sur le monde ouvrier.<\/p>\n\n\n\n<h2 class=\"wp-block-heading\"><strong>Extraits de presse : <\/strong><\/h2>\n\n\n\n<ul class=\"wp-block-list\"><li>\u00ab Une \u0153uvre originale et intelligente qui nous oblige \u00e0 r\u00e9fl\u00e9chir \u00e0 la n\u00e9cessit\u00e9 de se battre pour ne pas se laisser d\u00e9vorer. Un spectacle qu&rsquo;on n&rsquo;oublie pas ! \u00bb TELERAMA TTT<\/li><li>\u00ab&nbsp; La preuve concr\u00e8te que le th\u00e9\u00e2tre applique parfois un peu de baume sur les griffures de la vie \u00bb LA MARSEILLAISE<\/li><li>\u00ab Coup de c\u0153ur de de la r\u00e9daction **** \u00bb LA PROVENCE<\/li><li>\u00ab&nbsp; Une pi\u00e8ce \u00e0 la mise-en-sc\u00e8ne solide comme l\u2019acier du d\u00e9cor, port\u00e9e par 3 acteurs qui frappent avec conviction \u00bb LES 3 COUPS<\/li><\/ul>\n\n\n\n<h2 class=\"wp-block-heading\"><strong>Equipe :<\/strong><\/h2>\n\n\n\n<ul class=\"wp-block-list\"><li>Mise en sc\u00e8ne : Antoine Chalard<\/li><li>Assistante mise en sc\u00e8ne : Ombeline De la Teyssonni\u00e8re<\/li><li>Avec : Cl\u00e9mentine Yelnik, Antoine Chalard et Florent Malburet<\/li><li>D\u00e9cors : Th\u00e9\u00e2tre de Chelles<\/li><li>Cr\u00e9ation lumi\u00e8re et r\u00e9gie : Alexis Moreau<\/li><li>Photos : Xavier Cantat<\/li><li>Trompette : Nicolas Souchal<\/li><\/ul>\n\n\n\n<h2 class=\"wp-block-heading\"><strong>Date de cr\u00e9ation :<\/strong><\/h2>\n\n\n\n<p>28 mai 2013<\/p>\n\n\n\n<h2 class=\"wp-block-heading\"><strong>Lieux de repr\u00e9sentations :<\/strong><\/h2>\n\n\n\n<ul class=\"wp-block-list\"><li>01 &#8211; Montluel : Th\u00e9\u00e2tre des augustins<\/li><li>38 &#8211; Crolles : Espace Paul Jargot &nbsp; &nbsp;<\/li><li>38 &#8211; Les Adrets : Festival de L&rsquo;arpenteur &nbsp; &nbsp; &nbsp; &nbsp; &nbsp; &nbsp; &nbsp; &nbsp; &nbsp; &nbsp; &nbsp;<\/li><li>57 &#8211; Talange : Th\u00e9\u00e2tre Jacques Brel &nbsp; &nbsp;<\/li><li>59 &#8211; Templeuve : Petit Th\u00e9\u00e2tre &nbsp;<\/li><li>64 &#8211; Biarritz : ATP  <\/li><li>75 &#8211; Paris : Th\u00e9\u00e2tre de l&rsquo;Opprim\u00e9, Th\u00e9\u00e2tre de M\u00e9nilmontant<\/li><li>76 &#8211; Fauville-en-caux : Festival Terre de Paroles<\/li><li>77 &#8211; Chelles : Salle Albert Caillou <\/li><li>84 &#8211; Avignon : Th\u00e9\u00e2tre de l&rsquo;ALiz\u00e9<\/li><\/ul>\n\n\n\n<h2 class=\"wp-block-heading\"><strong>T\u00e9l\u00e9charger le dossier de Cour Nord&nbsp;:&nbsp;<a href=\"http:\/\/www.compagniedumidi.fr\/?page_id=1002\">cliquer ici<\/a><br><\/strong><\/h2>\n\n\n\n<h2 class=\"wp-block-heading\"><strong>T\u00e9l\u00e9charger la fiche technique de Cour Nord : <a href=\"http:\/\/www.compagniedumidi.fr\/pdf\/fiche_technique_cour_nord.pdf\">cliquer ici<\/a><\/strong><\/h2>\n<\/div>\n\n\n\n<div class=\"wp-block-column is-layout-flow wp-block-column-is-layout-flow\">\n<figure class=\"wp-block-image\"><img decoding=\"async\" src=\"http:\/\/www.compagniedumidi.fr\/wp-content\/uploads\/2013\/05\/AFFICHE-COUR-NORD-site-1.jpg\" alt=\"\" class=\"wp-image-1718\" height=\"NaN\" srcset=\"https:\/\/www.compagniedumidi.fr\/wp-content\/uploads\/2013\/05\/AFFICHE-COUR-NORD-site-1.jpg 591w, https:\/\/www.compagniedumidi.fr\/wp-content\/uploads\/2013\/05\/AFFICHE-COUR-NORD-site-1-200x300.jpg 200w\" sizes=\"(max-width: 591px) 100vw, 591px\" \/><\/figure>\n\n\n\n<figure class=\"wp-block-image\"><img decoding=\"async\" src=\"http:\/\/www.compagniedumidi.fr\/wp-content\/uploads\/2013\/05\/photo1.jpg\" alt=\"\" class=\"wp-image-392\" height=\"NaN\" srcset=\"https:\/\/www.compagniedumidi.fr\/wp-content\/uploads\/2013\/05\/photo1.jpg 591w, https:\/\/www.compagniedumidi.fr\/wp-content\/uploads\/2013\/05\/photo1-300x245.jpg 300w\" sizes=\"(max-width: 591px) 100vw, 591px\" \/><\/figure>\n\n\n\n<figure class=\"wp-block-image\"><img decoding=\"async\" src=\"http:\/\/www.compagniedumidi.fr\/wp-content\/uploads\/2013\/05\/2.jpg\" alt=\"\" class=\"wp-image-697\" height=\"NaN\" srcset=\"https:\/\/www.compagniedumidi.fr\/wp-content\/uploads\/2013\/05\/2.jpg 591w, https:\/\/www.compagniedumidi.fr\/wp-content\/uploads\/2013\/05\/2-300x220.jpg 300w\" sizes=\"(max-width: 591px) 100vw, 591px\" \/><\/figure>\n\n\n\n<figure class=\"wp-block-image\"><img decoding=\"async\" src=\"http:\/\/www.compagniedumidi.fr\/wp-content\/uploads\/2013\/05\/3.jpg\" alt=\"\" class=\"wp-image-696\" height=\"NaN\" srcset=\"https:\/\/www.compagniedumidi.fr\/wp-content\/uploads\/2013\/05\/3.jpg 591w, https:\/\/www.compagniedumidi.fr\/wp-content\/uploads\/2013\/05\/3-300x254.jpg 300w\" sizes=\"(max-width: 591px) 100vw, 591px\" \/><\/figure>\n\n\n\n<figure class=\"wp-block-image\"><img decoding=\"async\" src=\"http:\/\/www.compagniedumidi.fr\/wp-content\/uploads\/2013\/05\/4.jpg\" alt=\"\" class=\"wp-image-695\" height=\"NaN\" srcset=\"https:\/\/www.compagniedumidi.fr\/wp-content\/uploads\/2013\/05\/4.jpg 591w, https:\/\/www.compagniedumidi.fr\/wp-content\/uploads\/2013\/05\/4-300x247.jpg 300w\" sizes=\"(max-width: 591px) 100vw, 591px\" \/><\/figure>\n\n\n\n<figure class=\"wp-block-image\"><img decoding=\"async\" src=\"http:\/\/www.compagniedumidi.fr\/wp-content\/uploads\/2013\/05\/5.jpg\" alt=\"\" class=\"wp-image-694\" height=\"NaN\" srcset=\"https:\/\/www.compagniedumidi.fr\/wp-content\/uploads\/2013\/05\/5.jpg 472w, https:\/\/www.compagniedumidi.fr\/wp-content\/uploads\/2013\/05\/5-257x300.jpg 257w\" sizes=\"(max-width: 472px) 100vw, 472px\" \/><\/figure>\n\n\n\n<figure class=\"wp-block-image\"><img decoding=\"async\" src=\"http:\/\/www.compagniedumidi.fr\/wp-content\/uploads\/2013\/05\/6.jpg\" alt=\"\" class=\"wp-image-693\" height=\"NaN\" srcset=\"https:\/\/www.compagniedumidi.fr\/wp-content\/uploads\/2013\/05\/6.jpg 591w, https:\/\/www.compagniedumidi.fr\/wp-content\/uploads\/2013\/05\/6-300x192.jpg 300w\" sizes=\"(max-width: 591px) 100vw, 591px\" \/><\/figure>\n\n\n\n<figure class=\"wp-block-image\"><img decoding=\"async\" src=\"http:\/\/www.compagniedumidi.fr\/wp-content\/uploads\/2013\/05\/photo3.jpg\" alt=\"\" class=\"wp-image-394\" height=\"NaN\" srcset=\"https:\/\/www.compagniedumidi.fr\/wp-content\/uploads\/2013\/05\/photo3.jpg 472w, https:\/\/www.compagniedumidi.fr\/wp-content\/uploads\/2013\/05\/photo3-199x300.jpg 199w\" sizes=\"(max-width: 472px) 100vw, 472px\" \/><\/figure>\n\n\n\n<figure class=\"wp-block-image\"><img decoding=\"async\" src=\"http:\/\/www.compagniedumidi.fr\/wp-content\/uploads\/2013\/05\/8.jpg\" alt=\"\" class=\"wp-image-692\" height=\"NaN\" srcset=\"https:\/\/www.compagniedumidi.fr\/wp-content\/uploads\/2013\/05\/8.jpg 591w, https:\/\/www.compagniedumidi.fr\/wp-content\/uploads\/2013\/05\/8-300x200.jpg 300w\" sizes=\"(max-width: 591px) 100vw, 591px\" \/><\/figure>\n\n\n\n<figure class=\"wp-block-image\"><img decoding=\"async\" src=\"http:\/\/www.compagniedumidi.fr\/wp-content\/uploads\/2013\/05\/10.jpg\" alt=\"\" class=\"wp-image-689\" width=\"NaN\" height=\"NaN\" srcset=\"https:\/\/www.compagniedumidi.fr\/wp-content\/uploads\/2013\/05\/10.jpg 591w, https:\/\/www.compagniedumidi.fr\/wp-content\/uploads\/2013\/05\/10-300x200.jpg 300w\" sizes=\"(max-width: 591px) 100vw, 591px\" \/><\/figure>\n<\/div>\n<\/div>\n\n\n\n<p><\/p>\n","protected":false},"excerpt":{"rendered":"<p>d&rsquo;Antoine Choplin Adaptation : Antoine Chalard Style : Adaptation th\u00e9\u00e2trale du roman du m\u00eame nom. Histoire : Dans la cour nord de l\u2019usine en gr\u00e8ve, Gildas r\u00eave de victoire ouvri\u00e8re. Avec ses proches, il organise&nbsp; la r\u00e9sistance pour la dignit\u00e9. &hellip; <a href=\"https:\/\/www.compagniedumidi.fr\/?page_id=69\">Continuer la lecture <span class=\"meta-nav\">&rarr;<\/span><\/a><\/p>\n","protected":false},"author":1,"featured_media":1715,"parent":53,"menu_order":2,"comment_status":"closed","ping_status":"closed","template":"","meta":{"footnotes":""},"class_list":["post-69","page","type-page","status-publish","has-post-thumbnail","hentry"],"_links":{"self":[{"href":"https:\/\/www.compagniedumidi.fr\/index.php?rest_route=\/wp\/v2\/pages\/69","targetHints":{"allow":["GET"]}}],"collection":[{"href":"https:\/\/www.compagniedumidi.fr\/index.php?rest_route=\/wp\/v2\/pages"}],"about":[{"href":"https:\/\/www.compagniedumidi.fr\/index.php?rest_route=\/wp\/v2\/types\/page"}],"author":[{"embeddable":true,"href":"https:\/\/www.compagniedumidi.fr\/index.php?rest_route=\/wp\/v2\/users\/1"}],"replies":[{"embeddable":true,"href":"https:\/\/www.compagniedumidi.fr\/index.php?rest_route=%2Fwp%2Fv2%2Fcomments&post=69"}],"version-history":[{"count":52,"href":"https:\/\/www.compagniedumidi.fr\/index.php?rest_route=\/wp\/v2\/pages\/69\/revisions"}],"predecessor-version":[{"id":2117,"href":"https:\/\/www.compagniedumidi.fr\/index.php?rest_route=\/wp\/v2\/pages\/69\/revisions\/2117"}],"up":[{"embeddable":true,"href":"https:\/\/www.compagniedumidi.fr\/index.php?rest_route=\/wp\/v2\/pages\/53"}],"wp:featuredmedia":[{"embeddable":true,"href":"https:\/\/www.compagniedumidi.fr\/index.php?rest_route=\/wp\/v2\/media\/1715"}],"wp:attachment":[{"href":"https:\/\/www.compagniedumidi.fr\/index.php?rest_route=%2Fwp%2Fv2%2Fmedia&parent=69"}],"curies":[{"name":"wp","href":"https:\/\/api.w.org\/{rel}","templated":true}]}}