{"id":71,"date":"2013-05-16T10:20:58","date_gmt":"2013-05-16T09:20:58","guid":{"rendered":"http:\/\/www.compagniedumidi.fr\/?page_id=71"},"modified":"2020-09-10T06:49:49","modified_gmt":"2020-09-10T05:49:49","slug":"grandpeur-et-miseresgrandpeur-et-miseresbrechtbertolt-brechtgrandpeur-et-miseres-du-troisieme-reichgrandpeur-et-miseres-du-troisiemegrandpeur-et-miseres-du-3e-reichgrandpeur-et-miseres-du-3e-re","status":"publish","type":"page","link":"https:\/\/www.compagniedumidi.fr\/?page_id=71","title":{"rendered":"Grand&rsquo;Peur et Mis\u00e8res&#8230;"},"content":{"rendered":"<h1><strong>de Bertolt Brecht<br><\/strong><\/h1>\n<p><iframe loading=\"lazy\" title=\"Grand&#039;Peur et Mis\u00e8res...\" src=\"https:\/\/player.vimeo.com\/video\/7804107?dnt=1&amp;app_id=122963\" width=\"640\" height=\"360\" frameborder=\"0\" allow=\"autoplay; fullscreen; picture-in-picture; clipboard-write\"><\/iframe><\/p>\n\n\n<div class=\"wp-block-columns has-2-columns is-layout-flex wp-container-core-columns-is-layout-9d6595d7 wp-block-columns-is-layout-flex\">\n<div class=\"wp-block-column is-layout-flow wp-block-column-is-layout-flow\">\n<h2 class=\"wp-block-heading\"><strong>Style : <\/strong><\/h2>\n\n\n\n<p>Drame satirique en 13 tableaux.<\/p>\n\n\n\n<h2 class=\"wp-block-heading\"><strong>Histoire :<\/strong><\/h2>\n\n\n\n<p>Grand peur et mis\u00e8re du III\u00e8me Reich a \u00e9t\u00e9 \u00e9crit par Brecht d\u2019apr\u00e8s des r\u00e9cits de t\u00e9moins et de coupures de journaux. Il brosse un portrait au vitriol de la soci\u00e9t\u00e9 allemande de l\u2019arriv\u00e9e d\u2019Hitler au pouvoir \u00e0 la veille de la 2nde guerre mondiale, avec ses m\u00e9canismes quotidiens d\u2019intimidation, de d\u00e9nonciation, de propagande et de corruption, mais aussi avec ses r\u00e9voltes et sa r\u00e9sistance naissante. Tous les milieux sociaux sont pass\u00e9s en revue, du professeur au boulanger, en passant par le chirurgien.<br>Sur les 24 sayn\u00e8tes qui composent l\u2019\u0153uvre originale, 15 ont \u00e9t\u00e9 retenues, celles qui parlent principalement des petites gens ordinaires, de ceux qui ne seront jamais jug\u00e9s comme grands criminels, et de ceux aussi dont les souffrances ont \u00e9t\u00e9 quasiment oubli\u00e9es par l\u2019Histoire. Des sayn\u00e8tes toutes mordantes, cyniques, \u00e9mouvantes et souvent dr\u00f4les.<br>Le spectacle, r\u00e9gl\u00e9 comme du papier \u00e0 musique, oscille entre le drame et le burlesque et bouscule le spectateur pris entre l\u2019effroi, la compassion et l\u2019\u00e9clat de rire inattendu.<br>Le texte est \u00e9dit\u00e9 aux \u00e9ditions de l\u2019Arche.<\/p>\n\n\n\n<h2 class=\"wp-block-heading\"><strong>Extraits de presse :<\/strong><\/h2>\n\n\n\n<ul class=\"wp-block-list\"><li>\u00ab\u00a0Petitesse, l\u00e2chet\u00e9, sadisme, courage et humour dans une mise en sc\u00e8ne inventive et sobre.\u00a0\u00bb <strong>LIBERATION<\/strong><\/li><li>\u00ab\u00a0Le parti-pris burlesque de la mise en sc\u00e8ne, en cr\u00e9ant des situations cocasses, nous am\u00e8nent \u00e0 rire de l\u2019insupportable. Un bon moment de th\u00e9\u00e2tre.\u00a0\u00bb <strong>LE MONDE.FR<\/strong><\/li><li>\u00ab\u00a0Une id\u00e9e brillante par une compagnie en tout point parfaite. Les cinq com\u00e9diens jouent avec finesse dans tous les domaines.\u00a0\u00bb&nbsp; <strong>LA PROVENCE<\/strong><\/li><li>\u00ab\u00a0La parole de Brecht est bien entendue dans cette r\u00e9jouissante production, 15e cr\u00e9ation de la compagnie du midi qui aime mettre en sc\u00e8ne des oeuvres engag\u00e9es et qui construit, au fil des ann\u00e9es, un th\u00e9\u00e2tre militant vivant, \u00e0 sa mani\u00e8re, c\u2019est \u00e0 dire avec une recherche sc\u00e9nique pointue pour marier la forme et le fond.\u00a0\u00bb&nbsp; <strong>LA MARSEILLAISE<\/strong><\/li><li>\u00ab\u00a0Pour qui aime le bon th\u00e9\u00e2tre, conjugu\u00e9s \u00e0 une sc\u00e9nographie r\u00e9ussie et \u00e0 un jeu d\u2019acteurs excellent : A voir absolument.\u00a0\u00bb&nbsp; <strong>REVUE SPECTACLE<\/strong><\/li><li>\u00ab\u00a0Petit bijou, caustique, dr\u00f4le, effrayant, une mise en sc\u00e8ne intelligente, millim\u00e9tr\u00e9e, inventive et des com\u00e9diens inspir\u00e9s. Bravo !\u00a0\u00bb&nbsp; <strong>AJMI<\/strong><\/li><\/ul>\n\n\n\n<h2 class=\"wp-block-heading\"><strong>Equipe :<\/strong><\/h2>\n\n\n\n<ul class=\"wp-block-list\"><li>Mise en sc\u00e8ne : Antoine Chalard<\/li><li>Avec : Antoine Chalard, Manon Leroy, Florent Malburet, Ombeline de la Teyssonni\u00e8re ou Fran\u00e7oise Guiol, Samuel Racine ou David Laborie<\/li><li>Assistante \u00e0 la mise en sc\u00e8ne : Ombeline de la Teyssonni\u00e8re<\/li><li>Sc\u00e9nographie : Andr\u00e9 Chalard &#8211; Costumes : Sophie Ta\u00efs<\/li><li>Cr\u00e9ation lumi\u00e8re : Aur\u00e9lien Amsellem <\/li><li>Bande-son : Samuel Racine<\/li><li>Cr\u00e9ation musicale : Manon Leroy<\/li><li>Arrangements, piano : Nikola Takov<\/li><li>Accessoirisation : Florent Malburet<\/li><li>Photos : Eleonor de Bonneval<\/li><li>Affiche : Mireille et Patrice Leroy<\/li><\/ul>\n\n\n\n<h2 class=\"wp-block-heading\"><strong>Date de cr\u00e9ation :<\/strong><\/h2>\n\n\n\n<p>9 juillet 2008<\/p>\n\n\n\n<h2 class=\"wp-block-heading\"><strong>Lieux de repr\u00e9sentations :<\/strong><\/h2>\n\n\n\n<ul class=\"wp-block-list\"><li>01 &#8211; Ferney Voltaire : Th\u00e9\u00e2tre Municipal<\/li><li>13 &#8211; Marseille : Lyc\u00e9e<\/li><li>42 &#8211; Sorbiers : Espace culturel l\u2019Echapp\u00e9<\/li><li>60 &#8211; Coye-la-For\u00eat : Centre Culturel<\/li><li>67 &#8211; Bischwiller : M.A.C. Robert Lieb<\/li><li>67 &#8211; Oberhausbergen : Le Pr\u00e9ault<\/li><li>67 &#8211; Schiltigheim : Le Cheval blanc<\/li><li>67 &#8211; Wissembourg : Relais Culturel<\/li><li>68 &#8211; Dannemarie : Foyer de la culture<\/li><li>68 &#8211; Kembs : Espace Rh\u00e9nan<\/li><li>68 &#8211; Sainte Marie aux Mines : Th\u00e9\u00e2tre municipal<\/li><li>68 &#8211; Thann : Relais Culturel<\/li><li>68 &#8211; Ribeauville : Espace culturel Le Parc<\/li><li>84 &#8211; Avignon : Th\u00e9\u00e2tre de la Condition des Soies, Th\u00e9\u00e2tre de l\u2019Aliz\u00e9&nbsp;&nbsp;&nbsp;&nbsp;&nbsp;&nbsp;&nbsp;&nbsp;&nbsp;&nbsp;&nbsp;&nbsp;&nbsp;&nbsp;&nbsp;&nbsp;&nbsp;&nbsp;&nbsp;&nbsp;&nbsp;&nbsp;&nbsp;&nbsp;&nbsp;&nbsp;&nbsp;&nbsp;&nbsp;&nbsp;&nbsp;&nbsp;&nbsp;&nbsp;&nbsp;&nbsp;&nbsp;&nbsp; <\/li><li>MEXIQUE &#8211; M\u00e9xico : Unam, Teatro Maria Teresa montoya, Foro Coyoacense, Foro Ana Maria Hernandez, Lyc\u00e9e Franco-mexicain de Polanco, Alliance Fran\u00e7aise de Polanco &#8211;&nbsp;Guadalajara :&nbsp;Lyc\u00e9e Franco-mexicain.<\/li><\/ul>\n\n\n\n<p><\/p>\n<\/div>\n\n\n\n<div class=\"wp-block-column is-layout-flow wp-block-column-is-layout-flow\">\n<figure class=\"wp-block-image\"><img decoding=\"async\" src=\"http:\/\/www.compagniedumidi.fr\/wp-content\/uploads\/2013\/05\/afficheb6.jpg\" alt=\"\" class=\"wp-image-389\" width=\"NaN\" height=\"NaN\" srcset=\"https:\/\/www.compagniedumidi.fr\/wp-content\/uploads\/2013\/05\/afficheb6.jpg 591w, https:\/\/www.compagniedumidi.fr\/wp-content\/uploads\/2013\/05\/afficheb6-217x300.jpg 217w\" sizes=\"(max-width: 591px) 100vw, 591px\" \/><\/figure>\n\n\n\n<figure class=\"wp-block-image\"><img decoding=\"async\" src=\"http:\/\/www.compagniedumidi.fr\/wp-content\/uploads\/2013\/05\/photo-1b5.jpg\" alt=\"\" class=\"wp-image-380\" width=\"NaN\" height=\"NaN\" srcset=\"https:\/\/www.compagniedumidi.fr\/wp-content\/uploads\/2013\/05\/photo-1b5.jpg 472w, https:\/\/www.compagniedumidi.fr\/wp-content\/uploads\/2013\/05\/photo-1b5-219x300.jpg 219w\" sizes=\"(max-width: 472px) 100vw, 472px\" \/><\/figure>\n\n\n\n<figure class=\"wp-block-image\"><img decoding=\"async\" src=\"http:\/\/www.compagniedumidi.fr\/wp-content\/uploads\/2013\/05\/photo-2b6.jpg\" alt=\"\" class=\"wp-image-381\" width=\"NaN\" height=\"NaN\" srcset=\"https:\/\/www.compagniedumidi.fr\/wp-content\/uploads\/2013\/05\/photo-2b6.jpg 591w, https:\/\/www.compagniedumidi.fr\/wp-content\/uploads\/2013\/05\/photo-2b6-300x180.jpg 300w\" sizes=\"(max-width: 591px) 100vw, 591px\" \/><\/figure>\n\n\n\n<figure class=\"wp-block-image\"><img decoding=\"async\" src=\"http:\/\/www.compagniedumidi.fr\/wp-content\/uploads\/2013\/05\/photo-3b5.jpg\" alt=\"\" class=\"wp-image-382\" width=\"NaN\" height=\"NaN\" srcset=\"https:\/\/www.compagniedumidi.fr\/wp-content\/uploads\/2013\/05\/photo-3b5.jpg 591w, https:\/\/www.compagniedumidi.fr\/wp-content\/uploads\/2013\/05\/photo-3b5-300x242.jpg 300w\" sizes=\"(max-width: 591px) 100vw, 591px\" \/><\/figure>\n\n\n\n<figure class=\"wp-block-image\"><img decoding=\"async\" src=\"http:\/\/www.compagniedumidi.fr\/wp-content\/uploads\/2013\/05\/photo-4b5.jpg\" alt=\"\" class=\"wp-image-383\" width=\"NaN\" height=\"NaN\" srcset=\"https:\/\/www.compagniedumidi.fr\/wp-content\/uploads\/2013\/05\/photo-4b5.jpg 591w, https:\/\/www.compagniedumidi.fr\/wp-content\/uploads\/2013\/05\/photo-4b5-300x171.jpg 300w\" sizes=\"(max-width: 591px) 100vw, 591px\" \/><\/figure>\n\n\n\n<figure class=\"wp-block-image\"><img decoding=\"async\" src=\"http:\/\/www.compagniedumidi.fr\/wp-content\/uploads\/2013\/05\/photo-5b5.jpg\" alt=\"\" class=\"wp-image-384\" width=\"NaN\" height=\"NaN\" srcset=\"https:\/\/www.compagniedumidi.fr\/wp-content\/uploads\/2013\/05\/photo-5b5.jpg 591w, https:\/\/www.compagniedumidi.fr\/wp-content\/uploads\/2013\/05\/photo-5b5-300x265.jpg 300w\" sizes=\"(max-width: 591px) 100vw, 591px\" \/><\/figure>\n\n\n\n<figure class=\"wp-block-image\"><img decoding=\"async\" src=\"http:\/\/www.compagniedumidi.fr\/wp-content\/uploads\/2019\/01\/photo-6b.jpg\" alt=\"\" class=\"wp-image-1949\" width=\"NaN\" height=\"NaN\" srcset=\"https:\/\/www.compagniedumidi.fr\/wp-content\/uploads\/2019\/01\/photo-6b.jpg 591w, https:\/\/www.compagniedumidi.fr\/wp-content\/uploads\/2019\/01\/photo-6b-300x190.jpg 300w\" sizes=\"(max-width: 591px) 100vw, 591px\" \/><\/figure>\n\n\n\n<figure class=\"wp-block-image\"><img decoding=\"async\" src=\"http:\/\/www.compagniedumidi.fr\/wp-content\/uploads\/2013\/05\/photo-7b4.jpg\" alt=\"\" class=\"wp-image-386\" width=\"NaN\" height=\"NaN\" srcset=\"https:\/\/www.compagniedumidi.fr\/wp-content\/uploads\/2013\/05\/photo-7b4.jpg 591w, https:\/\/www.compagniedumidi.fr\/wp-content\/uploads\/2013\/05\/photo-7b4-300x224.jpg 300w\" sizes=\"(max-width: 591px) 100vw, 591px\" \/><\/figure>\n\n\n\n<figure class=\"wp-block-image\"><img decoding=\"async\" src=\"http:\/\/www.compagniedumidi.fr\/wp-content\/uploads\/2013\/05\/photo-8b5.jpg\" alt=\"\" class=\"wp-image-387\" width=\"NaN\" height=\"NaN\" srcset=\"https:\/\/www.compagniedumidi.fr\/wp-content\/uploads\/2013\/05\/photo-8b5.jpg 591w, https:\/\/www.compagniedumidi.fr\/wp-content\/uploads\/2013\/05\/photo-8b5-300x200.jpg 300w\" sizes=\"(max-width: 591px) 100vw, 591px\" \/><\/figure>\n\n\n\n<figure class=\"wp-block-image\"><img decoding=\"async\" src=\"http:\/\/www.compagniedumidi.fr\/wp-content\/uploads\/2013\/05\/photo-9b1.jpg\" alt=\"\" class=\"wp-image-388\" width=\"NaN\" height=\"NaN\" srcset=\"https:\/\/www.compagniedumidi.fr\/wp-content\/uploads\/2013\/05\/photo-9b1.jpg 472w, https:\/\/www.compagniedumidi.fr\/wp-content\/uploads\/2013\/05\/photo-9b1-212x300.jpg 212w\" sizes=\"(max-width: 472px) 100vw, 472px\" \/><\/figure>\n<\/div>\n<\/div>\n\n\n\n<h2 class=\"wp-block-heading\"><strong>T\u00e9l\u00e9charger le dossier de Grand&rsquo;Peur et Mis\u00e8res&#8230;&nbsp;:&nbsp;<a href=\"http:\/\/www.compagniedumidi.fr\/?page_id=1009\">cliquer ici<\/a><br><\/strong><\/h2>\n\n\n\n<h2 class=\"wp-block-heading\"><strong>T\u00e9l\u00e9charger la fiche technique de Grand&rsquo;Peur et Mis\u00e8res&#8230; : <a href=\"http:\/\/www.compagniedumidi.fr\/pdf\/fiche_technique_grand_peur.pdf\">cliquer ici<\/a><\/strong><\/h2>\n\n\n<p><!--StartFragment--><\/p>\n<p><!--EndFragment--><\/p>","protected":false},"excerpt":{"rendered":"<p>de Bertolt Brecht Style : Drame satirique en 13 tableaux. Histoire : Grand peur et mis\u00e8re du III\u00e8me Reich a \u00e9t\u00e9 \u00e9crit par Brecht d\u2019apr\u00e8s des r\u00e9cits de t\u00e9moins et de coupures de journaux. Il brosse un portrait au vitriol &hellip; <a href=\"https:\/\/www.compagniedumidi.fr\/?page_id=71\">Continuer la lecture <span class=\"meta-nav\">&rarr;<\/span><\/a><\/p>\n","protected":false},"author":1,"featured_media":389,"parent":53,"menu_order":4,"comment_status":"closed","ping_status":"closed","template":"","meta":{"footnotes":""},"class_list":["post-71","page","type-page","status-publish","has-post-thumbnail","hentry"],"_links":{"self":[{"href":"https:\/\/www.compagniedumidi.fr\/index.php?rest_route=\/wp\/v2\/pages\/71","targetHints":{"allow":["GET"]}}],"collection":[{"href":"https:\/\/www.compagniedumidi.fr\/index.php?rest_route=\/wp\/v2\/pages"}],"about":[{"href":"https:\/\/www.compagniedumidi.fr\/index.php?rest_route=\/wp\/v2\/types\/page"}],"author":[{"embeddable":true,"href":"https:\/\/www.compagniedumidi.fr\/index.php?rest_route=\/wp\/v2\/users\/1"}],"replies":[{"embeddable":true,"href":"https:\/\/www.compagniedumidi.fr\/index.php?rest_route=%2Fwp%2Fv2%2Fcomments&post=71"}],"version-history":[{"count":13,"href":"https:\/\/www.compagniedumidi.fr\/index.php?rest_route=\/wp\/v2\/pages\/71\/revisions"}],"predecessor-version":[{"id":2119,"href":"https:\/\/www.compagniedumidi.fr\/index.php?rest_route=\/wp\/v2\/pages\/71\/revisions\/2119"}],"up":[{"embeddable":true,"href":"https:\/\/www.compagniedumidi.fr\/index.php?rest_route=\/wp\/v2\/pages\/53"}],"wp:featuredmedia":[{"embeddable":true,"href":"https:\/\/www.compagniedumidi.fr\/index.php?rest_route=\/wp\/v2\/media\/389"}],"wp:attachment":[{"href":"https:\/\/www.compagniedumidi.fr\/index.php?rest_route=%2Fwp%2Fv2%2Fmedia&parent=71"}],"curies":[{"name":"wp","href":"https:\/\/api.w.org\/{rel}","templated":true}]}}