{"id":73,"date":"2013-05-16T10:21:28","date_gmt":"2013-05-16T09:21:28","guid":{"rendered":"http:\/\/www.compagniedumidi.fr\/?page_id=73"},"modified":"2020-09-10T06:51:04","modified_gmt":"2020-09-10T05:51:04","slug":"les-romanesquesrostandedmond-rostand","status":"publish","type":"page","link":"https:\/\/www.compagniedumidi.fr\/?page_id=73","title":{"rendered":"Les Romanesques"},"content":{"rendered":"<h1><strong>d&rsquo;Edmond Rostand<\/strong><\/h1>\n\n\n<div class=\"wp-block-columns has-2-columns is-layout-flex wp-container-core-columns-is-layout-9d6595d7 wp-block-columns-is-layout-flex\">\n<div class=\"wp-block-column is-layout-flow wp-block-column-is-layout-flow\">\n<h2 class=\"wp-block-heading\"><strong>Style : <\/strong><\/h2>\n\n\n\n<p>Premi\u00e8re com\u00e9die en vers de l\u2019auteur de Cyrano de Bergerac.<\/p>\n\n\n\n<h2 class=\"wp-block-heading\"><strong>Histoire :<\/strong><\/h2>\n\n\n\n<p>Un vieux mur moussu s\u00e9pare les propri\u00e9t\u00e9s de Pasquinot et Bergamin, amis de longue date. Afin de fonder une seule famille, ceux-ci r\u00eavent de marier leurs deux enfants uniques, Sylvette et Percinet . Mais, comme le dit Bergamin :<br><em>Mariage arrang\u00e9 n\u2019est pas chose tentante<\/em><br><em> Pour deux jeunes serins po\u00e9tiques.<\/em><br>Aussi, sachant que l\u2019on convoite toujours le fruit d\u00e9fendu, ils simulent entre eux une haine mortelle et interdisent aux enfants de se voir. Le pi\u00e8ge fonctionne \u00e0 merveille. Les deux jeunes gens se rencontrent en cachette et s\u2019imaginent vivre le drame de Rom\u00e9o et Juliette. Les p\u00e8res jubilent. Encore faut-il consentir au mariage sans leur mettre la puce \u00e0 l\u2019oreille. Le moyen est simple : ils font appel \u00e0 Staforel, ancien com\u00e9dien cabotin reconverti dans l\u2019organisation de faux enl\u00e8vements. Percinet peut alors sauver \u00ab glorieusement \u00bb Sylvette, les p\u00e8res jouent l\u2019attendrissement et le mariage est annonc\u00e9.<br>Le mur est abattu.<br>Leur r\u00eave le plus fou r\u00e9alis\u00e9, les jeunes \u00ab h\u00e9ros \u00bb atteignent des degr\u00e9s de suffisance et de pr\u00e9tention \u00e0 la limite du supportable. Les p\u00e8res, d\u00e9j\u00e0 exasp\u00e9r\u00e9s par la vie en commun, remettent Sylvette \u00e0 sa place et lui d\u00e9voilent les coulisses de son enl\u00e8vement. Le monde s\u2019\u00e9croule autour des deux amoureux. Sylvette annonce qu\u2019elle ne veut plus se marier, Percinet part courir le monde \u00e0 la recherche du vrai romanesque et les p\u00e8res refusent de payer Straforel puisque le mariage est annul\u00e9.<br>Le mur est reconstruit.<br>Bien d\u00e9cid\u00e9 \u00e0 r\u00e9cup\u00e9rer son argent, Straforel entreprend de rapprocher les anciens tourtereaux. Pour cela, il endosse son r\u00f4le pr\u00e9f\u00e9r\u00e9, celui du s\u00e9ducteur des grands chemins. Ils propose \u00e0 Sylvette une vie \u00e9pouvantablement romanesque, chevauch\u00e9es fantastiques et nuits \u00e9toil\u00e9es \u00e0 l\u2019appui. Le r\u00e9sultat est imm\u00e9diat, Sylvette est d\u00e9go\u00fbt\u00e9e \u00e0 tout jamais de ses r\u00eaves de jeune fille:<br><em>Du roman, j\u2019en voulais bien un peu,<\/em><br><em> Comme on met du laurier dedans le pot au feu.<\/em><br>C\u2019est alors que Percinet revient lui aussi d\u00e9sillusionn\u00e9, \u00e0 son tour gu\u00e9ri de ses ambitions romanesques. Ils se retrouvent et r\u00e9alisent que leur attachement \u00e9tait sinc\u00e8re. Ils peuvent maintenant vivre un amour beau simple et vrai. Les deux p\u00e8res, r\u00e9concili\u00e9s entre temps, les unissent avec joie et Straforel est enfin pay\u00e9.<\/p>\n\n\n\n<h2 class=\"wp-block-heading\"><strong>Extraits de presse :<\/strong><\/h2>\n\n\n\n<ul class=\"wp-block-list\"><li>\u00ab\u00a0Le spectacle, tr\u00e8s bien jou\u00e9 (\u2026) est un beau moment de trouvailles et d\u2019all\u00e9gresse !\u00a0\u00bb <strong>LE JOURNAL DU THEATRE, Gilles Costaz<\/strong><\/li><li>\u00ab\u00a0Dans cette superbe cr\u00e9ation de la Compagnie du Midi, on assiste \u00e0 une sarabande grandiose, \u00e0 une vraie folie th\u00e9\u00e2trale magnifiquement orchestr\u00e9e par Antoine Chalard qui fait preuve d\u2019un bel esprit de cr\u00e9ativit\u00e9. Les com\u00e9diens peuvent s\u2019en donner \u00e0 c\u0153ur joie et n\u2019en font pourtant jamais trop. Ils nous entra\u00eenent dans un tourbillon sentimentalo-comique qui fait du bien. (\u2026) Bref, un spectacle iconoclaste, bien enlev\u00e9, qui nous fait vivre un grand moment artistique.\u00a0\u00bb <strong>LA MARSEILLAISE<\/strong><\/li><li>\u00ab\u00a0Servie par des com\u00e9diens uniques, la pi\u00e8ce propose un spectacle rafra\u00eechissant, o\u00f9 le tournoiement des personnages et des costumes entra\u00eene le public dans une f\u00e9erie burlesque et \u00e9mouvante.\u00a0\u00bb <strong>LA PROVENCE<\/strong><\/li><\/ul>\n\n\n\n<h2 class=\"wp-block-heading\"><strong>Equipe :<\/strong><\/h2>\n\n\n\n<ul class=\"wp-block-list\"><li>Mise en sc\u00e8ne : Antoine Chalard<\/li><li>Avec : Caroline Maillard, Florent Malburet, Yvan Lambert ou Antoine Chalard, Eric Jansen ou Idriss, Philippe Quercy ou G\u00e9rard Lemaire ou Jacques Chailleux<\/li><li>Sc\u00e9nographie : Andr\u00e9 Chalard<\/li><li>Cr\u00e9ation lumi\u00e8re : Benjamin Boiffier<\/li><li>Affiche : Vania Alban-Zapata<\/li><\/ul>\n\n\n\n<h2 class=\"wp-block-heading\"><strong>Date de cr\u00e9ation :<\/strong><\/h2>\n\n\n\n<p>2 f\u00e9vrier 1998<\/p>\n\n\n\n<h2 class=\"wp-block-heading\"><strong>Lieux de repr\u00e9sentations :<\/strong><\/h2>\n\n\n\n<ul class=\"wp-block-list\"><li>75 &#8211; Paris : Th\u00e9\u00e2tre Orph\u00e9e<\/li><li>84 &#8211; Avignon : Th\u00e9\u00e2tre des Roues, Th\u00e9\u00e2tre La Luna<\/li><\/ul>\n<\/div>\n\n\n\n<div class=\"wp-block-column is-layout-flow wp-block-column-is-layout-flow\">\n<figure class=\"wp-block-image\"><img decoding=\"async\" src=\"http:\/\/www.compagniedumidi.fr\/wp-content\/uploads\/2013\/05\/afficheb8.jpg\" alt=\"\" class=\"wp-image-442\" width=\"NaN\" height=\"NaN\" srcset=\"https:\/\/www.compagniedumidi.fr\/wp-content\/uploads\/2013\/05\/afficheb8.jpg 591w, https:\/\/www.compagniedumidi.fr\/wp-content\/uploads\/2013\/05\/afficheb8-212x300.jpg 212w\" sizes=\"(max-width: 591px) 100vw, 591px\" \/><\/figure>\n\n\n\n<figure class=\"wp-block-image\"><img decoding=\"async\" src=\"http:\/\/www.compagniedumidi.fr\/wp-content\/uploads\/2013\/05\/photo-1b7.jpg\" alt=\"\" class=\"wp-image-444\" width=\"NaN\" height=\"NaN\" srcset=\"https:\/\/www.compagniedumidi.fr\/wp-content\/uploads\/2013\/05\/photo-1b7.jpg 591w, https:\/\/www.compagniedumidi.fr\/wp-content\/uploads\/2013\/05\/photo-1b7-300x229.jpg 300w\" sizes=\"(max-width: 591px) 100vw, 591px\" \/><\/figure>\n\n\n\n<figure class=\"wp-block-image\"><img decoding=\"async\" src=\"http:\/\/www.compagniedumidi.fr\/wp-content\/uploads\/2013\/05\/photo-2b8.jpg\" alt=\"\" class=\"wp-image-445\" width=\"NaN\" height=\"NaN\" srcset=\"https:\/\/www.compagniedumidi.fr\/wp-content\/uploads\/2013\/05\/photo-2b8.jpg 591w, https:\/\/www.compagniedumidi.fr\/wp-content\/uploads\/2013\/05\/photo-2b8-300x219.jpg 300w\" sizes=\"(max-width: 591px) 100vw, 591px\" \/><\/figure>\n\n\n\n<figure class=\"wp-block-image\"><img decoding=\"async\" src=\"http:\/\/www.compagniedumidi.fr\/wp-content\/uploads\/2013\/05\/photo-3b7.jpg\" alt=\"\" class=\"wp-image-446\" width=\"NaN\" height=\"NaN\" srcset=\"https:\/\/www.compagniedumidi.fr\/wp-content\/uploads\/2013\/05\/photo-3b7.jpg 591w, https:\/\/www.compagniedumidi.fr\/wp-content\/uploads\/2013\/05\/photo-3b7-300x239.jpg 300w\" sizes=\"(max-width: 591px) 100vw, 591px\" \/><\/figure>\n\n\n\n<figure class=\"wp-block-image\"><img decoding=\"async\" src=\"http:\/\/www.compagniedumidi.fr\/wp-content\/uploads\/2013\/05\/photo-4b7.jpg\" alt=\"\" class=\"wp-image-447\" width=\"NaN\" height=\"NaN\" srcset=\"https:\/\/www.compagniedumidi.fr\/wp-content\/uploads\/2013\/05\/photo-4b7.jpg 591w, https:\/\/www.compagniedumidi.fr\/wp-content\/uploads\/2013\/05\/photo-4b7-300x216.jpg 300w\" sizes=\"(max-width: 591px) 100vw, 591px\" \/><\/figure>\n\n\n\n<figure class=\"wp-block-image\"><img decoding=\"async\" src=\"http:\/\/www.compagniedumidi.fr\/wp-content\/uploads\/2013\/05\/photo-5b7.jpg\" alt=\"\" class=\"wp-image-448\" width=\"NaN\" height=\"NaN\" srcset=\"https:\/\/www.compagniedumidi.fr\/wp-content\/uploads\/2013\/05\/photo-5b7.jpg 591w, https:\/\/www.compagniedumidi.fr\/wp-content\/uploads\/2013\/05\/photo-5b7-300x239.jpg 300w\" sizes=\"(max-width: 591px) 100vw, 591px\" \/><\/figure>\n\n\n\n<figure class=\"wp-block-image\"><img decoding=\"async\" src=\"http:\/\/www.compagniedumidi.fr\/wp-content\/uploads\/2013\/05\/photo-6b7.jpg\" alt=\"\" class=\"wp-image-449\" width=\"NaN\" height=\"NaN\" srcset=\"https:\/\/www.compagniedumidi.fr\/wp-content\/uploads\/2013\/05\/photo-6b7.jpg 472w, https:\/\/www.compagniedumidi.fr\/wp-content\/uploads\/2013\/05\/photo-6b7-193x300.jpg 193w\" sizes=\"(max-width: 472px) 100vw, 472px\" \/><\/figure>\n<\/div>\n<\/div>\n","protected":false},"excerpt":{"rendered":"<p>d&rsquo;Edmond Rostand Style : Premi\u00e8re com\u00e9die en vers de l\u2019auteur de Cyrano de Bergerac. Histoire : Un vieux mur moussu s\u00e9pare les propri\u00e9t\u00e9s de Pasquinot et Bergamin, amis de longue date. Afin de fonder une seule famille, ceux-ci r\u00eavent de &hellip; <a href=\"https:\/\/www.compagniedumidi.fr\/?page_id=73\">Continuer la lecture <span class=\"meta-nav\">&rarr;<\/span><\/a><\/p>\n","protected":false},"author":1,"featured_media":442,"parent":53,"menu_order":5,"comment_status":"closed","ping_status":"closed","template":"","meta":{"footnotes":""},"class_list":["post-73","page","type-page","status-publish","has-post-thumbnail","hentry"],"_links":{"self":[{"href":"https:\/\/www.compagniedumidi.fr\/index.php?rest_route=\/wp\/v2\/pages\/73","targetHints":{"allow":["GET"]}}],"collection":[{"href":"https:\/\/www.compagniedumidi.fr\/index.php?rest_route=\/wp\/v2\/pages"}],"about":[{"href":"https:\/\/www.compagniedumidi.fr\/index.php?rest_route=\/wp\/v2\/types\/page"}],"author":[{"embeddable":true,"href":"https:\/\/www.compagniedumidi.fr\/index.php?rest_route=\/wp\/v2\/users\/1"}],"replies":[{"embeddable":true,"href":"https:\/\/www.compagniedumidi.fr\/index.php?rest_route=%2Fwp%2Fv2%2Fcomments&post=73"}],"version-history":[{"count":5,"href":"https:\/\/www.compagniedumidi.fr\/index.php?rest_route=\/wp\/v2\/pages\/73\/revisions"}],"predecessor-version":[{"id":2120,"href":"https:\/\/www.compagniedumidi.fr\/index.php?rest_route=\/wp\/v2\/pages\/73\/revisions\/2120"}],"up":[{"embeddable":true,"href":"https:\/\/www.compagniedumidi.fr\/index.php?rest_route=\/wp\/v2\/pages\/53"}],"wp:featuredmedia":[{"embeddable":true,"href":"https:\/\/www.compagniedumidi.fr\/index.php?rest_route=\/wp\/v2\/media\/442"}],"wp:attachment":[{"href":"https:\/\/www.compagniedumidi.fr\/index.php?rest_route=%2Fwp%2Fv2%2Fmedia&parent=73"}],"curies":[{"name":"wp","href":"https:\/\/api.w.org\/{rel}","templated":true}]}}