{"id":75,"date":"2013-05-16T10:22:28","date_gmt":"2013-05-16T09:22:28","guid":{"rendered":"http:\/\/www.compagniedumidi.fr\/?page_id=75"},"modified":"2020-09-10T06:51:59","modified_gmt":"2020-09-10T05:51:59","slug":"les-partitions-frauduleusesvisniecmatei-visniecmatei-visniec","status":"publish","type":"page","link":"https:\/\/www.compagniedumidi.fr\/?page_id=75","title":{"rendered":"Les Partitions Frauduleuses"},"content":{"rendered":"<h1><strong>de Mat\u00e9\u00ef Visniec<\/strong><\/h1>\n\n\n<div class=\"wp-block-columns has-2-columns is-layout-flex wp-container-core-columns-is-layout-9d6595d7 wp-block-columns-is-layout-flex\">\n<div class=\"wp-block-column is-layout-flow wp-block-column-is-layout-flow\">\n<h2 class=\"wp-block-heading\">&nbsp;<strong>Style : <\/strong><\/h2>\n\n\n\n<p>Pi\u00e8ce satyrique \u00e9crite par l\u2019auteur \u00e0 partir du travail d\u2019improvisation d\u2019une compagnie.<\/p>\n\n\n\n<h2 class=\"wp-block-heading\"><strong>Histoire :<\/strong><\/h2>\n\n\n\n<p>A travers trois \u00e2ges de la vie (l\u2019\u00e9cole, le boulot, le bistrot) la pi\u00e8ce d\u00e9nonce l\u2019incapacit\u00e9 de l\u2019homme \u00e0 communiquer avec ses semblables et la cruaut\u00e9 humaine. Quant \u00e0 la principale question que se pose l\u2019Homme \u2013qui suis-je ?- elle demeure obstin\u00e9ment sans r\u00e9ponse\u2026<br>A l\u2019\u00e9cole, d\u00e8s le plus jeune \u00e2ge, les hi\u00e9rarchies s\u2019organisent, classifiant tr\u00e8s vite le cancre et le premier de classe, la petite fille mignonnette et celle qui l\u2019est moins, celui qui est \u00e0 l\u2019aise et celui qui ne l\u2019est pas. La cruaut\u00e9 aussi s\u2019instaure tr\u00e8s vite : on se tire les couettes, on se cogne, on se d\u00e9nonce et on refuse la diff\u00e9rence. Enfin, on d\u00e9couvre le d\u00e9sir\u2026Bref, \u00e0 l\u2019\u00e9cole, on apprend \u00e0 devenir de vrais petits hommes, ingurgitant un tas de th\u00e9or\u00e8mes, de liste de dates\u2026 dont chacun sera bien incapable de se servir\u2026<br>On retrouve les m\u00eames vingt ans plus tard au bureau. Sont-ce d\u2019ailleurs vraiment les m\u00eames ? Rien n\u2019est s\u00fbr, mais tout au long de la vie, les rapports sont de toute fa\u00e7on toujours les m\u00eames. Au bureau, nos personnages sont devenus des machines \u00e0 travailler, et tour \u00e0 tour, ils sont soit les patrons soit les employ\u00e9s, mais cela n\u2019a pas d\u2019importance puisque tous se comportent de la m\u00eame fa\u00e7on. Le sexe qui s\u2019impose comme essentiel et presque unique mode de communication se pervertit et s\u2019\u00e9loigne de tout amour v\u00e9ritable. Seul un homme est l\u00e0, qui essaie vainement de parler, de communiquer avec les autres. Cet homme, c\u2019est celui que l\u2019auteur appelle l\u2019homme d\u00e9sempar\u00e9. Jamais il n\u2019obtiendra un regard ni une parole.<br>Enfin au bistrot, nos personnages sont devenus des piliers de bar. Ce sont des dizaines de journ\u00e9es, peut-\u00eatre des ann\u00e9es qui sont ramass\u00e9es dans cette petite tranche de vie qui nous est propos\u00e9e. Tous sont dans leur monde, \u00e9changeant les m\u00eames r\u00e9pliques, ne se supportant plus et ne pouvant pourtant pas se passer les uns des autres parce que le d\u00e9sir est toujours l\u00e0\u2026<br>Le propos est lourd de sens mais l\u2019\u00e9criture de Visniec, son orchestration des personnages et des dialogues nous propulsent dans une danse effr\u00e9n\u00e9e, dr\u00f4le et surprenante o\u00f9 une comique obsc\u00e9nit\u00e9 r\u00e8gne en ma\u00eetre\u2026<\/p>\n\n\n\n<h2 class=\"wp-block-heading\"><strong>Extraits de presse :<\/strong><\/h2>\n\n\n\n<ul class=\"wp-block-list\"><li>\u00ab\u00a0Sur le mode de l\u2019absurde, la progression des personnages vers le pire \u00e0 mesure des \u00e2ges est tr\u00e8s bien rendue par les cinq com\u00e9diens. Avec une mise en sc\u00e8ne originale, le message de Visniec est tout \u00e0 fait compris.\u00a0\u00bb <strong>LA PROVENCE<\/strong><\/li><li>\u00ab\u00a0Un texte caustique et dr\u00f4le, un excellente mise en sc\u00e8ne tr\u00e8s amusante et bien interpr\u00e9t\u00e9e. A voir absolument !\u00a0\u00bb <strong>COMITE CLUB du VAUCLUSE<\/strong><\/li><li>\u00ab\u00a0R\u00e9gl\u00e9e comme une montre suisse par Buster Keaton (\u2026) Les acteurs sont exacts dans leur ton, dans leur geste. (\u2026) La Compagnie du Midi a du souffle et de la pr\u00e9cision !\u00a0\u00bb A<strong>LLO CARPENTRAS<\/strong><\/li><\/ul>\n\n\n\n<h2 class=\"wp-block-heading\"><strong>Equipe :<\/strong><\/h2>\n\n\n\n<ul class=\"wp-block-list\"><li>Mise en sc\u00e8ne : Antoine Chalard<\/li><li>Avec : Antoine Chalard, Fran\u00e7oise Guiol, Florent Malburet, Yann de Monterno et Marie-Pierre P\u00e9rez<\/li><li>Sc\u00e9nographie : Fr\u00e9d\u00e9ric Plancheneau<\/li><li>Cr\u00e9ation lumi\u00e8re : Aur\u00e9lien Amsellem<\/li><li>Affiche : Broo<\/li><\/ul>\n\n\n\n<h2 class=\"wp-block-heading\"><strong>Date de cr\u00e9ation :<\/strong><\/h2>\n\n\n\n<p>9 juillet 2004<\/p>\n\n\n\n<h2 class=\"wp-block-heading\"><strong>Lieux de repr\u00e9sentations :<\/strong><\/h2>\n\n\n\n<ul class=\"wp-block-list\"><li>84 &#8211; Avignon : Th\u00e9\u00e2tre de la condition des soies<\/li><\/ul>\n<\/div>\n\n\n\n<div class=\"wp-block-column is-layout-flow wp-block-column-is-layout-flow\">\n<figure class=\"wp-block-image\"><img decoding=\"async\" src=\"http:\/\/www.compagniedumidi.fr\/wp-content\/uploads\/2013\/05\/afficheb9.jpg\" alt=\"\" class=\"wp-image-452\" width=\"NaN\" height=\"NaN\" srcset=\"https:\/\/www.compagniedumidi.fr\/wp-content\/uploads\/2013\/05\/afficheb9.jpg 591w, https:\/\/www.compagniedumidi.fr\/wp-content\/uploads\/2013\/05\/afficheb9-200x300.jpg 200w\" sizes=\"(max-width: 591px) 100vw, 591px\" \/><\/figure>\n\n\n\n<figure class=\"wp-block-image\"><img decoding=\"async\" src=\"http:\/\/www.compagniedumidi.fr\/wp-content\/uploads\/2013\/05\/photo-1b8.jpg\" alt=\"\" class=\"wp-image-454\" width=\"NaN\" height=\"NaN\" srcset=\"https:\/\/www.compagniedumidi.fr\/wp-content\/uploads\/2013\/05\/photo-1b8.jpg 591w, https:\/\/www.compagniedumidi.fr\/wp-content\/uploads\/2013\/05\/photo-1b8-300x188.jpg 300w\" sizes=\"(max-width: 591px) 100vw, 591px\" \/><\/figure>\n\n\n\n<figure class=\"wp-block-image\"><img decoding=\"async\" src=\"http:\/\/www.compagniedumidi.fr\/wp-content\/uploads\/2013\/05\/photo-2b9.jpg\" alt=\"\" class=\"wp-image-455\" width=\"NaN\" height=\"NaN\" srcset=\"https:\/\/www.compagniedumidi.fr\/wp-content\/uploads\/2013\/05\/photo-2b9.jpg 591w, https:\/\/www.compagniedumidi.fr\/wp-content\/uploads\/2013\/05\/photo-2b9-300x200.jpg 300w\" sizes=\"(max-width: 591px) 100vw, 591px\" \/><\/figure>\n\n\n\n<figure class=\"wp-block-image\"><img decoding=\"async\" src=\"http:\/\/www.compagniedumidi.fr\/wp-content\/uploads\/2013\/05\/photo-3b8.jpg\" alt=\"\" class=\"wp-image-456\" width=\"NaN\" height=\"NaN\" srcset=\"https:\/\/www.compagniedumidi.fr\/wp-content\/uploads\/2013\/05\/photo-3b8.jpg 591w, https:\/\/www.compagniedumidi.fr\/wp-content\/uploads\/2013\/05\/photo-3b8-300x200.jpg 300w\" sizes=\"(max-width: 591px) 100vw, 591px\" \/><\/figure>\n\n\n\n<figure class=\"wp-block-image\"><img decoding=\"async\" src=\"http:\/\/www.compagniedumidi.fr\/wp-content\/uploads\/2013\/05\/photo-4b8.jpg\" alt=\"\" class=\"wp-image-457\" width=\"NaN\" height=\"NaN\" srcset=\"https:\/\/www.compagniedumidi.fr\/wp-content\/uploads\/2013\/05\/photo-4b8.jpg 591w, https:\/\/www.compagniedumidi.fr\/wp-content\/uploads\/2013\/05\/photo-4b8-300x200.jpg 300w\" sizes=\"(max-width: 591px) 100vw, 591px\" \/><\/figure>\n\n\n\n<figure class=\"wp-block-image\"><img decoding=\"async\" src=\"http:\/\/www.compagniedumidi.fr\/wp-content\/uploads\/2013\/05\/photo-5b8.jpg\" alt=\"\" class=\"wp-image-458\" width=\"NaN\" height=\"NaN\" srcset=\"https:\/\/www.compagniedumidi.fr\/wp-content\/uploads\/2013\/05\/photo-5b8.jpg 591w, https:\/\/www.compagniedumidi.fr\/wp-content\/uploads\/2013\/05\/photo-5b8-300x200.jpg 300w\" sizes=\"(max-width: 591px) 100vw, 591px\" \/><\/figure>\n\n\n\n<figure class=\"wp-block-image\"><img decoding=\"async\" src=\"http:\/\/www.compagniedumidi.fr\/wp-content\/uploads\/2013\/05\/photo-6b8.jpg\" alt=\"\" class=\"wp-image-459\" width=\"NaN\" height=\"NaN\" srcset=\"https:\/\/www.compagniedumidi.fr\/wp-content\/uploads\/2013\/05\/photo-6b8.jpg 591w, https:\/\/www.compagniedumidi.fr\/wp-content\/uploads\/2013\/05\/photo-6b8-300x200.jpg 300w\" sizes=\"(max-width: 591px) 100vw, 591px\" \/><\/figure>\n\n\n\n<figure class=\"wp-block-image\"><img decoding=\"async\" src=\"http:\/\/www.compagniedumidi.fr\/wp-content\/uploads\/2013\/05\/photo-7b6.jpg\" alt=\"\" class=\"wp-image-460\" width=\"NaN\" height=\"NaN\" srcset=\"https:\/\/www.compagniedumidi.fr\/wp-content\/uploads\/2013\/05\/photo-7b6.jpg 591w, https:\/\/www.compagniedumidi.fr\/wp-content\/uploads\/2013\/05\/photo-7b6-300x200.jpg 300w\" sizes=\"(max-width: 591px) 100vw, 591px\" \/><\/figure>\n\n\n\n<figure class=\"wp-block-image\"><img decoding=\"async\" src=\"http:\/\/www.compagniedumidi.fr\/wp-content\/uploads\/2013\/05\/photo-8b7.jpg\" alt=\"\" class=\"wp-image-462\" width=\"NaN\" height=\"NaN\" srcset=\"https:\/\/www.compagniedumidi.fr\/wp-content\/uploads\/2013\/05\/photo-8b7.jpg 472w, https:\/\/www.compagniedumidi.fr\/wp-content\/uploads\/2013\/05\/photo-8b7-199x300.jpg 199w\" sizes=\"(max-width: 472px) 100vw, 472px\" \/><\/figure>\n<\/div>\n<\/div>\n","protected":false},"excerpt":{"rendered":"<p>de Mat\u00e9\u00ef Visniec &nbsp;Style : Pi\u00e8ce satyrique \u00e9crite par l\u2019auteur \u00e0 partir du travail d\u2019improvisation d\u2019une compagnie. Histoire : A travers trois \u00e2ges de la vie (l\u2019\u00e9cole, le boulot, le bistrot) la pi\u00e8ce d\u00e9nonce l\u2019incapacit\u00e9 de l\u2019homme \u00e0 communiquer avec &hellip; <a href=\"https:\/\/www.compagniedumidi.fr\/?page_id=75\">Continuer la lecture <span class=\"meta-nav\">&rarr;<\/span><\/a><\/p>\n","protected":false},"author":1,"featured_media":452,"parent":53,"menu_order":6,"comment_status":"closed","ping_status":"closed","template":"","meta":{"footnotes":""},"class_list":["post-75","page","type-page","status-publish","has-post-thumbnail","hentry"],"_links":{"self":[{"href":"https:\/\/www.compagniedumidi.fr\/index.php?rest_route=\/wp\/v2\/pages\/75","targetHints":{"allow":["GET"]}}],"collection":[{"href":"https:\/\/www.compagniedumidi.fr\/index.php?rest_route=\/wp\/v2\/pages"}],"about":[{"href":"https:\/\/www.compagniedumidi.fr\/index.php?rest_route=\/wp\/v2\/types\/page"}],"author":[{"embeddable":true,"href":"https:\/\/www.compagniedumidi.fr\/index.php?rest_route=\/wp\/v2\/users\/1"}],"replies":[{"embeddable":true,"href":"https:\/\/www.compagniedumidi.fr\/index.php?rest_route=%2Fwp%2Fv2%2Fcomments&post=75"}],"version-history":[{"count":4,"href":"https:\/\/www.compagniedumidi.fr\/index.php?rest_route=\/wp\/v2\/pages\/75\/revisions"}],"predecessor-version":[{"id":2121,"href":"https:\/\/www.compagniedumidi.fr\/index.php?rest_route=\/wp\/v2\/pages\/75\/revisions\/2121"}],"up":[{"embeddable":true,"href":"https:\/\/www.compagniedumidi.fr\/index.php?rest_route=\/wp\/v2\/pages\/53"}],"wp:featuredmedia":[{"embeddable":true,"href":"https:\/\/www.compagniedumidi.fr\/index.php?rest_route=\/wp\/v2\/media\/452"}],"wp:attachment":[{"href":"https:\/\/www.compagniedumidi.fr\/index.php?rest_route=%2Fwp%2Fv2%2Fmedia&parent=75"}],"curies":[{"name":"wp","href":"https:\/\/api.w.org\/{rel}","templated":true}]}}